{"id":895,"date":"2024-11-12T08:35:38","date_gmt":"2024-11-12T08:35:38","guid":{"rendered":"https:\/\/hrserv.ch\/?page_id=895"},"modified":"2024-11-21T12:14:49","modified_gmt":"2024-11-21T12:14:49","slug":"hr-operations-outsourcing-payrolling","status":"publish","type":"page","link":"https:\/\/www.hrserv.ch\/fr\/hr-operations-outsourcing-payrolling\/","title":{"rendered":"HR Operations \/ Outsourcing Payrolling"},"content":{"rendered":"\n<h2 class=\"wp-block-heading\">Un savoir-faire de premier ordre dans tous les domaines des services RH&nbsp;&nbsp;<\/h2>\n\n\n\n<p>Avec HR Services, vous pouvez vous concentrer sur vos comp\u00e9tences cl\u00e9s. Nous vous permettons de d\u00e9velopper et de mettre en \u0153uvre des structures, des processus, des directives, des normes et des contrats conformes \u00e0 la l\u00e9gislation sp\u00e9cifiques \u00e0 votre entreprise, sans bloquer vos propres ressources.&nbsp;&nbsp;<\/p>\n\n\n\n<h2 class=\"wp-block-heading\">Votre valeur ajout\u00e9e en un coup d&rsquo;\u0153il&nbsp;&nbsp;<\/h2>\n\n\n\n<ul class=\"wp-block-list\">\n<li>Soutien flexible pour les t\u00e2ches RH strat\u00e9giques et op\u00e9rationnelles&nbsp;&nbsp;<\/li>\n\n\n\n<li>Solutions efficaces et rapides gr\u00e2ce \u00e0 des ann\u00e9es d&rsquo;exp\u00e9rience&nbsp;&nbsp;<\/li>\n\n\n\n<li>Facturation transparente et bas\u00e9e sur le temps pass\u00e9&nbsp;&nbsp;<\/li>\n\n\n\n<li>R\u00e9duction des co\u00fbts gr\u00e2ce \u00e0 l&rsquo;optimisation des processus&nbsp;&nbsp;<\/li>\n<\/ul>\n\n\n\n<h2 class=\"wp-block-heading\"><\/h2>\n\n\n\n<h2 class=\"wp-block-heading\">Informations compl\u00e9mentaires&nbsp;<\/h2>\n\n\n\n<p>En externalisant les services RH internes, qui font rarement partie des comp\u00e9tences cl\u00e9s d&rsquo;une entreprise, vous pouvez vous concentrer sur votre c\u0153ur de m\u00e9tier.<br><a href=\"https:\/\/hrserv.ch\/fr\/hr-operations-outsourcing-payrolling\/outsourcing\/\">\u00bb mehr<\/a><\/p>\n\n\n\n<p>De plus en plus d&rsquo;entreprises optent pour l&rsquo;externalisation de l&rsquo;administration des salaires. Gr\u00e2ce \u00e0 notre expertise, nous garantissons un traitement \u00e9conomique et efficace de la paie.<br><a href=\"https:\/\/hrserv.ch\/fr\/hr-operations-outsourcing-payrolling\/payrolling\/\">\u00bb mehr<\/a><\/p>\n\n\n\n<p>La r\u00e9daction de contrats comporte des risques juridiques importants. HR Services vous aide \u00e0 \u00e9viter les mauvaises surprises et \u00e0 garantir la conformit\u00e9 juridique.<br><a href=\"https:\/\/hrserv.ch\/fr\/hr-operations-outsourcing-payrolling\/contracts-regulations\/\">\u00bb\u00a0mehr<\/a><\/p>\n\n\n\n<p>Nos sp\u00e9cialistes comp\u00e9tents vous aident \u00e0 mettre en place des directives et des normes appropri\u00e9es.\u00a0<br><a href=\"https:\/\/hrserv.ch\/fr\/hr-operations-outsourcing-payrolling\/directives-standards\/\">\u00bb\u00a0mehr<\/a><\/p>\n\n\n\n<p>Des processus et des structures optimis\u00e9s sont la base d&rsquo;une entreprise qui r\u00e9ussit. Nous sommes votre partenaire en mati\u00e8re de gestion des processus et de benchmarking.<br><a href=\"https:\/\/hrserv.ch\/fr\/hr-operations-outsourcing-payrolling\/processes\/\">\u00bb\u00a0mehr<\/a><\/p>\n\n\n\n<p>Notre base de connaissances rassemble des ann\u00e9es d&rsquo;exp\u00e9rience et d&rsquo;exemples dans la gestion des RH. Profitez-en et trouvez avec nous la meilleure solution \u00e0 vos d\u00e9fis.<br><a href=\"https:\/\/hrserv.ch\/fr\/hr-operations-outsourcing-payrolling\/knowledge-database\/\">\u00bb\u00a0mehr<\/a><\/p>\n\n\n\n<p><\/p>\n","protected":false},"excerpt":{"rendered":"<p>Un savoir-faire de premier ordre dans tous les domaines des services RH&nbsp;&nbsp; Avec HR Services, vous pouvez vous concentrer sur vos comp\u00e9tences cl\u00e9s. Nous vous permettons de d\u00e9velopper et de mettre en \u0153uvre des structures, des processus, des directives, des normes et des contrats conformes \u00e0 la l\u00e9gislation sp\u00e9cifiques \u00e0 votre entreprise, sans bloquer vos [&hellip;]<\/p>\n","protected":false},"author":1,"featured_media":904,"parent":0,"menu_order":9,"comment_status":"closed","ping_status":"closed","template":"","meta":{"_acf_changed":false,"footnotes":""},"class_list":["post-895","page","type-page","status-publish","has-post-thumbnail","hentry"],"acf":[],"yoast_head":"<!-- This site is optimized with the Yoast SEO plugin v27.5 - https:\/\/yoast.com\/product\/yoast-seo-wordpress\/ -->\n<title>HR Operations \/ Outsourcing Payrolling - HR Services<\/title>\n<meta name=\"robots\" content=\"index, follow, max-snippet:-1, max-image-preview:large, max-video-preview:-1\" \/>\n<link rel=\"canonical\" href=\"https:\/\/www.hrserv.ch\/fr\/hr-operations-outsourcing-payrolling\/\" \/>\n<meta property=\"og:locale\" content=\"fr_FR\" \/>\n<meta property=\"og:type\" content=\"article\" \/>\n<meta property=\"og:title\" content=\"HR Operations \/ Outsourcing Payrolling - HR Services\" \/>\n<meta property=\"og:description\" content=\"Un savoir-faire de premier ordre dans tous les domaines des services RH&nbsp;&nbsp; Avec HR Services, vous pouvez vous concentrer sur vos comp\u00e9tences cl\u00e9s. Nous vous permettons de d\u00e9velopper et de mettre en \u0153uvre des structures, des processus, des directives, des normes et des contrats conformes \u00e0 la l\u00e9gislation sp\u00e9cifiques \u00e0 votre entreprise, sans bloquer vos [&hellip;]\" \/>\n<meta property=\"og:url\" content=\"https:\/\/www.hrserv.ch\/fr\/hr-operations-outsourcing-payrolling\/\" \/>\n<meta property=\"og:site_name\" content=\"HR Services\" \/>\n<meta property=\"article:modified_time\" content=\"2024-11-21T12:14:49+00:00\" \/>\n<meta property=\"og:image\" content=\"https:\/\/www.hrserv.ch\/wp-content\/uploads\/sites\/3\/2019\/10\/hr-operations.jpg\" \/>\n\t<meta property=\"og:image:width\" content=\"1199\" \/>\n\t<meta property=\"og:image:height\" content=\"300\" \/>\n\t<meta property=\"og:image:type\" content=\"image\/jpeg\" \/>\n<meta name=\"twitter:card\" content=\"summary_large_image\" \/>\n<meta name=\"twitter:label1\" content=\"Dur\u00e9e de lecture estim\u00e9e\" \/>\n\t<meta name=\"twitter:data1\" content=\"2 minutes\" \/>\n<script type=\"application\/ld+json\" class=\"yoast-schema-graph\">{\"@context\":\"https:\\\/\\\/schema.org\",\"@graph\":[{\"@type\":\"WebPage\",\"@id\":\"https:\\\/\\\/www.hrserv.ch\\\/fr\\\/hr-operations-outsourcing-payrolling\\\/\",\"url\":\"https:\\\/\\\/www.hrserv.ch\\\/fr\\\/hr-operations-outsourcing-payrolling\\\/\",\"name\":\"HR Operations \\\/ Outsourcing Payrolling - HR Services\",\"isPartOf\":{\"@id\":\"https:\\\/\\\/www.hrserv.ch\\\/fr\\\/#website\"},\"primaryImageOfPage\":{\"@id\":\"https:\\\/\\\/www.hrserv.ch\\\/fr\\\/hr-operations-outsourcing-payrolling\\\/#primaryimage\"},\"image\":{\"@id\":\"https:\\\/\\\/www.hrserv.ch\\\/fr\\\/hr-operations-outsourcing-payrolling\\\/#primaryimage\"},\"thumbnailUrl\":\"https:\\\/\\\/www.hrserv.ch\\\/wp-content\\\/uploads\\\/sites\\\/3\\\/2019\\\/10\\\/hr-operations.jpg\",\"datePublished\":\"2024-11-12T08:35:38+00:00\",\"dateModified\":\"2024-11-21T12:14:49+00:00\",\"inLanguage\":\"fr-FR\",\"potentialAction\":[{\"@type\":\"ReadAction\",\"target\":[\"https:\\\/\\\/www.hrserv.ch\\\/fr\\\/hr-operations-outsourcing-payrolling\\\/\"]}]},{\"@type\":\"ImageObject\",\"inLanguage\":\"fr-FR\",\"@id\":\"https:\\\/\\\/www.hrserv.ch\\\/fr\\\/hr-operations-outsourcing-payrolling\\\/#primaryimage\",\"url\":\"https:\\\/\\\/www.hrserv.ch\\\/wp-content\\\/uploads\\\/sites\\\/3\\\/2019\\\/10\\\/hr-operations.jpg\",\"contentUrl\":\"https:\\\/\\\/www.hrserv.ch\\\/wp-content\\\/uploads\\\/sites\\\/3\\\/2019\\\/10\\\/hr-operations.jpg\",\"width\":1199,\"height\":300},{\"@type\":\"WebSite\",\"@id\":\"https:\\\/\\\/www.hrserv.ch\\\/fr\\\/#website\",\"url\":\"https:\\\/\\\/www.hrserv.ch\\\/fr\\\/\",\"name\":\"HR Services\",\"description\":\"Professional - Cost-optimised - Quick\",\"publisher\":{\"@id\":\"https:\\\/\\\/www.hrserv.ch\\\/fr\\\/#organization\"},\"potentialAction\":[{\"@type\":\"SearchAction\",\"target\":{\"@type\":\"EntryPoint\",\"urlTemplate\":\"https:\\\/\\\/www.hrserv.ch\\\/fr\\\/?s={search_term_string}\"},\"query-input\":{\"@type\":\"PropertyValueSpecification\",\"valueRequired\":true,\"valueName\":\"search_term_string\"}}],\"inLanguage\":\"fr-FR\"},{\"@type\":\"Organization\",\"@id\":\"https:\\\/\\\/www.hrserv.ch\\\/fr\\\/#organization\",\"name\":\"HR Services\",\"url\":\"https:\\\/\\\/www.hrserv.ch\\\/fr\\\/\",\"logo\":{\"@type\":\"ImageObject\",\"inLanguage\":\"fr-FR\",\"@id\":\"https:\\\/\\\/www.hrserv.ch\\\/fr\\\/#\\\/schema\\\/logo\\\/image\\\/\",\"url\":\"https:\\\/\\\/www.hrserv.ch\\\/wp-content\\\/uploads\\\/sites\\\/3\\\/2019\\\/10\\\/logo-hr-services-1.png\",\"contentUrl\":\"https:\\\/\\\/www.hrserv.ch\\\/wp-content\\\/uploads\\\/sites\\\/3\\\/2019\\\/10\\\/logo-hr-services-1.png\",\"width\":400,\"height\":132,\"caption\":\"HR Services\"},\"image\":{\"@id\":\"https:\\\/\\\/www.hrserv.ch\\\/fr\\\/#\\\/schema\\\/logo\\\/image\\\/\"}}]}<\/script>\n<!-- \/ Yoast SEO plugin. -->","yoast_head_json":{"title":"HR Operations \/ Outsourcing Payrolling - HR Services","robots":{"index":"index","follow":"follow","max-snippet":"max-snippet:-1","max-image-preview":"max-image-preview:large","max-video-preview":"max-video-preview:-1"},"canonical":"https:\/\/www.hrserv.ch\/fr\/hr-operations-outsourcing-payrolling\/","og_locale":"fr_FR","og_type":"article","og_title":"HR Operations \/ Outsourcing Payrolling - HR Services","og_description":"Un savoir-faire de premier ordre dans tous les domaines des services RH&nbsp;&nbsp; Avec HR Services, vous pouvez vous concentrer sur vos comp\u00e9tences cl\u00e9s. Nous vous permettons de d\u00e9velopper et de mettre en \u0153uvre des structures, des processus, des directives, des normes et des contrats conformes \u00e0 la l\u00e9gislation sp\u00e9cifiques \u00e0 votre entreprise, sans bloquer vos [&hellip;]","og_url":"https:\/\/www.hrserv.ch\/fr\/hr-operations-outsourcing-payrolling\/","og_site_name":"HR Services","article_modified_time":"2024-11-21T12:14:49+00:00","og_image":[{"width":1199,"height":300,"url":"https:\/\/www.hrserv.ch\/wp-content\/uploads\/sites\/3\/2019\/10\/hr-operations.jpg","type":"image\/jpeg"}],"twitter_card":"summary_large_image","twitter_misc":{"Dur\u00e9e de lecture estim\u00e9e":"2 minutes"},"schema":{"@context":"https:\/\/schema.org","@graph":[{"@type":"WebPage","@id":"https:\/\/www.hrserv.ch\/fr\/hr-operations-outsourcing-payrolling\/","url":"https:\/\/www.hrserv.ch\/fr\/hr-operations-outsourcing-payrolling\/","name":"HR Operations \/ Outsourcing Payrolling - HR Services","isPartOf":{"@id":"https:\/\/www.hrserv.ch\/fr\/#website"},"primaryImageOfPage":{"@id":"https:\/\/www.hrserv.ch\/fr\/hr-operations-outsourcing-payrolling\/#primaryimage"},"image":{"@id":"https:\/\/www.hrserv.ch\/fr\/hr-operations-outsourcing-payrolling\/#primaryimage"},"thumbnailUrl":"https:\/\/www.hrserv.ch\/wp-content\/uploads\/sites\/3\/2019\/10\/hr-operations.jpg","datePublished":"2024-11-12T08:35:38+00:00","dateModified":"2024-11-21T12:14:49+00:00","inLanguage":"fr-FR","potentialAction":[{"@type":"ReadAction","target":["https:\/\/www.hrserv.ch\/fr\/hr-operations-outsourcing-payrolling\/"]}]},{"@type":"ImageObject","inLanguage":"fr-FR","@id":"https:\/\/www.hrserv.ch\/fr\/hr-operations-outsourcing-payrolling\/#primaryimage","url":"https:\/\/www.hrserv.ch\/wp-content\/uploads\/sites\/3\/2019\/10\/hr-operations.jpg","contentUrl":"https:\/\/www.hrserv.ch\/wp-content\/uploads\/sites\/3\/2019\/10\/hr-operations.jpg","width":1199,"height":300},{"@type":"WebSite","@id":"https:\/\/www.hrserv.ch\/fr\/#website","url":"https:\/\/www.hrserv.ch\/fr\/","name":"HR Services","description":"Professional - Cost-optimised - Quick","publisher":{"@id":"https:\/\/www.hrserv.ch\/fr\/#organization"},"potentialAction":[{"@type":"SearchAction","target":{"@type":"EntryPoint","urlTemplate":"https:\/\/www.hrserv.ch\/fr\/?s={search_term_string}"},"query-input":{"@type":"PropertyValueSpecification","valueRequired":true,"valueName":"search_term_string"}}],"inLanguage":"fr-FR"},{"@type":"Organization","@id":"https:\/\/www.hrserv.ch\/fr\/#organization","name":"HR Services","url":"https:\/\/www.hrserv.ch\/fr\/","logo":{"@type":"ImageObject","inLanguage":"fr-FR","@id":"https:\/\/www.hrserv.ch\/fr\/#\/schema\/logo\/image\/","url":"https:\/\/www.hrserv.ch\/wp-content\/uploads\/sites\/3\/2019\/10\/logo-hr-services-1.png","contentUrl":"https:\/\/www.hrserv.ch\/wp-content\/uploads\/sites\/3\/2019\/10\/logo-hr-services-1.png","width":400,"height":132,"caption":"HR Services"},"image":{"@id":"https:\/\/www.hrserv.ch\/fr\/#\/schema\/logo\/image\/"}}]}},"_links":{"self":[{"href":"https:\/\/www.hrserv.ch\/fr\/wp-json\/wp\/v2\/pages\/895","targetHints":{"allow":["GET"]}}],"collection":[{"href":"https:\/\/www.hrserv.ch\/fr\/wp-json\/wp\/v2\/pages"}],"about":[{"href":"https:\/\/www.hrserv.ch\/fr\/wp-json\/wp\/v2\/types\/page"}],"author":[{"embeddable":true,"href":"https:\/\/www.hrserv.ch\/fr\/wp-json\/wp\/v2\/users\/1"}],"replies":[{"embeddable":true,"href":"https:\/\/www.hrserv.ch\/fr\/wp-json\/wp\/v2\/comments?post=895"}],"version-history":[{"count":5,"href":"https:\/\/www.hrserv.ch\/fr\/wp-json\/wp\/v2\/pages\/895\/revisions"}],"predecessor-version":[{"id":1124,"href":"https:\/\/www.hrserv.ch\/fr\/wp-json\/wp\/v2\/pages\/895\/revisions\/1124"}],"wp:featuredmedia":[{"embeddable":true,"href":"https:\/\/www.hrserv.ch\/fr\/wp-json\/wp\/v2\/media\/904"}],"wp:attachment":[{"href":"https:\/\/www.hrserv.ch\/fr\/wp-json\/wp\/v2\/media?parent=895"}],"curies":[{"name":"wp","href":"https:\/\/api.w.org\/{rel}","templated":true}]}}