{"id":896,"date":"2024-11-12T08:37:48","date_gmt":"2024-11-12T08:37:48","guid":{"rendered":"https:\/\/hrserv.ch\/?page_id=896"},"modified":"2024-11-21T11:49:05","modified_gmt":"2024-11-21T11:49:05","slug":"expert-pool-hr-manager-ad-interim","status":"publish","type":"page","link":"https:\/\/www.hrserv.ch\/fr\/expert-pool-hr-manager-ad-interim\/","title":{"rendered":"Pool d&rsquo;experts"},"content":{"rendered":"\n<h2 class=\"wp-block-heading\">Nous comblons les p\u00e9nuries de personnel&nbsp;&nbsp;<\/h2>\n\n\n\n<p>La rapidit\u00e9 et le savoir-faire sont les principaux moteurs de la r\u00e9ussite d&rsquo;une entreprise.&nbsp;<\/p>\n\n\n\n<p>Comme la gestion des ressources humaines pose souvent des exigences tr\u00e8s diff\u00e9rentes et parfois extr\u00eamement complexes, il est difficile de mettre \u00e0 disposition les ressources n\u00e9cessaires \u00e0 temps et \u00e0 des co\u00fbts ma\u00eetrisables. Notre pool d&rsquo;experts qualifi\u00e9s (notamment chef du personnel, recruteurs, sp\u00e9cialistes du payrolling) comble les p\u00e9nuries de personnel \u00e0 court et moyen terme dans les RH et met \u00e0 votre disposition le savoir-faire n\u00e9cessaire de mani\u00e8re flexible dans le temps.&nbsp;&nbsp;<\/p>\n\n\n\n<h2 class=\"wp-block-heading\">Votre valeur ajout\u00e9e en un coup d&rsquo;\u0153il&nbsp;<\/h2>\n\n\n\n<ul class=\"wp-block-list\">\n<li>Le meilleur soutien possible gr\u00e2ce \u00e0 un pool d&rsquo;experts unique et certifi\u00e9&nbsp;&nbsp;<\/li>\n\n\n\n<li>Votre question RH r\u00e9solue rapidement et de mani\u00e8re comp\u00e9tente&nbsp;&nbsp;<\/li>\n\n\n\n<li>Solution optimis\u00e9e en termes de co\u00fbts avec une facturation transparente et bas\u00e9e sur les d\u00e9penses.&nbsp;&nbsp;<\/li>\n<\/ul>\n\n\n\n<h2 class=\"wp-block-heading\">Informations compl\u00e9mentaires&nbsp;&nbsp;<\/h2>\n\n\n\n<p>Nous mettons \u00e0 votre disposition des managers int\u00e9rimaires comp\u00e9tents (par ex. chef du personnel) pour un grand nombre de postes.<br><a href=\"https:\/\/hrserv.ch\/fr\/expert-pool-hr-manager-ad-interim\/hr-manager-ad-interim\/\">\u00bb\u00a0Plus<\/a><\/p>\n\n\n\n<p>Notre pool d&rsquo;experts contient des sp\u00e9cialistes dans tous les domaines de la gestion des RH.<br><a href=\"https:\/\/hrserv.ch\/fr\/expert-pool-hr-manager-ad-interim\/hr-specialists\/\">\u00bb Plus<\/a><\/p>\n\n\n\n<p>Gr\u00e2ce \u00e0 nos connaissances d&rsquo;experts, nous pouvons vous aider \u00e0 r\u00e9soudre vos d\u00e9fis de mani\u00e8re optimale.<br><a href=\"https:\/\/hrserv.ch\/fr\/expert-pool-hr-manager-ad-interim\/expert-know-how\/\">\u00bb mehr<span data-contrast=\"auto\" xml:lang=\"DE-DE\" lang=\"DE-DE\" class=\"TextRun EmptyTextRun SCXW199889993 BCX0\" style=\"-webkit-user-drag: none; -webkit-tap-highlight-color: transparent; margin: 0px; padding: 0px; user-select: text; font-size: 12pt; line-height: 19.425px; font-family: Aptos, Aptos_EmbeddedFont, Aptos_MSFontService, sans-serif; font-variant-ligatures: none !important;\"><\/span>\u00a0<\/a><\/p>\n\n\n\n<p>Nous regroupons le savoir-faire dont vous avez besoin gr\u00e2ce \u00e0 l&rsquo;interaction coordonn\u00e9e de nos experts.<br><a href=\"https:\/\/hrserv.ch\/fr\/expert-pool-hr-manager-ad-interim\/hr-bundling-packages\/\">\u00bb mehr<span data-contrast=\"auto\" xml:lang=\"DE-DE\" lang=\"DE-DE\" class=\"TextRun EmptyTextRun SCXW199889993 BCX0\" style=\"-webkit-user-drag: none; -webkit-tap-highlight-color: transparent; margin: 0px; padding: 0px; user-select: text; font-size: 12pt; line-height: 19.425px; font-family: Aptos, Aptos_EmbeddedFont, Aptos_MSFontService, sans-serif; font-variant-ligatures: none !important;\"><\/span>\u00a0<\/a><\/p>\n","protected":false},"excerpt":{"rendered":"<p>Nous comblons les p\u00e9nuries de personnel&nbsp;&nbsp; La rapidit\u00e9 et le savoir-faire sont les principaux moteurs de la r\u00e9ussite d&rsquo;une entreprise.&nbsp; Comme la gestion des ressources humaines pose souvent des exigences tr\u00e8s diff\u00e9rentes et parfois extr\u00eamement complexes, il est difficile de mettre \u00e0 disposition les ressources n\u00e9cessaires \u00e0 temps et \u00e0 des co\u00fbts ma\u00eetrisables. Notre pool [&hellip;]<\/p>\n","protected":false},"author":1,"featured_media":917,"parent":0,"menu_order":5,"comment_status":"closed","ping_status":"closed","template":"","meta":{"_acf_changed":false,"footnotes":""},"class_list":["post-896","page","type-page","status-publish","has-post-thumbnail","hentry"],"acf":[],"yoast_head":"<!-- This site is optimized with the Yoast SEO plugin v27.5 - https:\/\/yoast.com\/product\/yoast-seo-wordpress\/ -->\n<title>Pool d&#039;experts - HR Services<\/title>\n<meta name=\"robots\" content=\"index, follow, max-snippet:-1, max-image-preview:large, max-video-preview:-1\" \/>\n<link rel=\"canonical\" href=\"https:\/\/www.hrserv.ch\/fr\/expert-pool-hr-manager-ad-interim\/\" \/>\n<meta property=\"og:locale\" content=\"fr_FR\" \/>\n<meta property=\"og:type\" content=\"article\" \/>\n<meta property=\"og:title\" content=\"Pool d&#039;experts - HR Services\" \/>\n<meta property=\"og:description\" content=\"Nous comblons les p\u00e9nuries de personnel&nbsp;&nbsp; La rapidit\u00e9 et le savoir-faire sont les principaux moteurs de la r\u00e9ussite d&rsquo;une entreprise.&nbsp; Comme la gestion des ressources humaines pose souvent des exigences tr\u00e8s diff\u00e9rentes et parfois extr\u00eamement complexes, il est difficile de mettre \u00e0 disposition les ressources n\u00e9cessaires \u00e0 temps et \u00e0 des co\u00fbts ma\u00eetrisables. Notre pool [&hellip;]\" \/>\n<meta property=\"og:url\" content=\"https:\/\/www.hrserv.ch\/fr\/expert-pool-hr-manager-ad-interim\/\" \/>\n<meta property=\"og:site_name\" content=\"HR Services\" \/>\n<meta property=\"article:modified_time\" content=\"2024-11-21T11:49:05+00:00\" \/>\n<meta property=\"og:image\" content=\"https:\/\/www.hrserv.ch\/wp-content\/uploads\/sites\/3\/2019\/12\/expertenpool.jpg\" \/>\n\t<meta property=\"og:image:width\" content=\"1199\" \/>\n\t<meta property=\"og:image:height\" content=\"300\" \/>\n\t<meta property=\"og:image:type\" content=\"image\/jpeg\" \/>\n<meta name=\"twitter:card\" content=\"summary_large_image\" \/>\n<meta name=\"twitter:label1\" content=\"Dur\u00e9e de lecture estim\u00e9e\" \/>\n\t<meta name=\"twitter:data1\" content=\"2 minutes\" \/>\n<script type=\"application\/ld+json\" class=\"yoast-schema-graph\">{\"@context\":\"https:\\\/\\\/schema.org\",\"@graph\":[{\"@type\":\"WebPage\",\"@id\":\"https:\\\/\\\/www.hrserv.ch\\\/fr\\\/expert-pool-hr-manager-ad-interim\\\/\",\"url\":\"https:\\\/\\\/www.hrserv.ch\\\/fr\\\/expert-pool-hr-manager-ad-interim\\\/\",\"name\":\"Pool d'experts - HR Services\",\"isPartOf\":{\"@id\":\"https:\\\/\\\/www.hrserv.ch\\\/fr\\\/#website\"},\"primaryImageOfPage\":{\"@id\":\"https:\\\/\\\/www.hrserv.ch\\\/fr\\\/expert-pool-hr-manager-ad-interim\\\/#primaryimage\"},\"image\":{\"@id\":\"https:\\\/\\\/www.hrserv.ch\\\/fr\\\/expert-pool-hr-manager-ad-interim\\\/#primaryimage\"},\"thumbnailUrl\":\"https:\\\/\\\/www.hrserv.ch\\\/wp-content\\\/uploads\\\/sites\\\/3\\\/2019\\\/12\\\/expertenpool.jpg\",\"datePublished\":\"2024-11-12T08:37:48+00:00\",\"dateModified\":\"2024-11-21T11:49:05+00:00\",\"inLanguage\":\"fr-FR\",\"potentialAction\":[{\"@type\":\"ReadAction\",\"target\":[\"https:\\\/\\\/www.hrserv.ch\\\/fr\\\/expert-pool-hr-manager-ad-interim\\\/\"]}]},{\"@type\":\"ImageObject\",\"inLanguage\":\"fr-FR\",\"@id\":\"https:\\\/\\\/www.hrserv.ch\\\/fr\\\/expert-pool-hr-manager-ad-interim\\\/#primaryimage\",\"url\":\"https:\\\/\\\/www.hrserv.ch\\\/wp-content\\\/uploads\\\/sites\\\/3\\\/2019\\\/12\\\/expertenpool.jpg\",\"contentUrl\":\"https:\\\/\\\/www.hrserv.ch\\\/wp-content\\\/uploads\\\/sites\\\/3\\\/2019\\\/12\\\/expertenpool.jpg\",\"width\":1199,\"height\":300},{\"@type\":\"WebSite\",\"@id\":\"https:\\\/\\\/www.hrserv.ch\\\/fr\\\/#website\",\"url\":\"https:\\\/\\\/www.hrserv.ch\\\/fr\\\/\",\"name\":\"HR Services\",\"description\":\"Professional - Cost-optimised - Quick\",\"publisher\":{\"@id\":\"https:\\\/\\\/www.hrserv.ch\\\/fr\\\/#organization\"},\"potentialAction\":[{\"@type\":\"SearchAction\",\"target\":{\"@type\":\"EntryPoint\",\"urlTemplate\":\"https:\\\/\\\/www.hrserv.ch\\\/fr\\\/?s={search_term_string}\"},\"query-input\":{\"@type\":\"PropertyValueSpecification\",\"valueRequired\":true,\"valueName\":\"search_term_string\"}}],\"inLanguage\":\"fr-FR\"},{\"@type\":\"Organization\",\"@id\":\"https:\\\/\\\/www.hrserv.ch\\\/fr\\\/#organization\",\"name\":\"HR Services\",\"url\":\"https:\\\/\\\/www.hrserv.ch\\\/fr\\\/\",\"logo\":{\"@type\":\"ImageObject\",\"inLanguage\":\"fr-FR\",\"@id\":\"https:\\\/\\\/www.hrserv.ch\\\/fr\\\/#\\\/schema\\\/logo\\\/image\\\/\",\"url\":\"https:\\\/\\\/www.hrserv.ch\\\/wp-content\\\/uploads\\\/sites\\\/3\\\/2019\\\/10\\\/logo-hr-services-1.png\",\"contentUrl\":\"https:\\\/\\\/www.hrserv.ch\\\/wp-content\\\/uploads\\\/sites\\\/3\\\/2019\\\/10\\\/logo-hr-services-1.png\",\"width\":400,\"height\":132,\"caption\":\"HR Services\"},\"image\":{\"@id\":\"https:\\\/\\\/www.hrserv.ch\\\/fr\\\/#\\\/schema\\\/logo\\\/image\\\/\"}}]}<\/script>\n<!-- \/ Yoast SEO plugin. -->","yoast_head_json":{"title":"Pool d'experts - HR Services","robots":{"index":"index","follow":"follow","max-snippet":"max-snippet:-1","max-image-preview":"max-image-preview:large","max-video-preview":"max-video-preview:-1"},"canonical":"https:\/\/www.hrserv.ch\/fr\/expert-pool-hr-manager-ad-interim\/","og_locale":"fr_FR","og_type":"article","og_title":"Pool d'experts - HR Services","og_description":"Nous comblons les p\u00e9nuries de personnel&nbsp;&nbsp; La rapidit\u00e9 et le savoir-faire sont les principaux moteurs de la r\u00e9ussite d&rsquo;une entreprise.&nbsp; Comme la gestion des ressources humaines pose souvent des exigences tr\u00e8s diff\u00e9rentes et parfois extr\u00eamement complexes, il est difficile de mettre \u00e0 disposition les ressources n\u00e9cessaires \u00e0 temps et \u00e0 des co\u00fbts ma\u00eetrisables. Notre pool [&hellip;]","og_url":"https:\/\/www.hrserv.ch\/fr\/expert-pool-hr-manager-ad-interim\/","og_site_name":"HR Services","article_modified_time":"2024-11-21T11:49:05+00:00","og_image":[{"width":1199,"height":300,"url":"https:\/\/www.hrserv.ch\/wp-content\/uploads\/sites\/3\/2019\/12\/expertenpool.jpg","type":"image\/jpeg"}],"twitter_card":"summary_large_image","twitter_misc":{"Dur\u00e9e de lecture estim\u00e9e":"2 minutes"},"schema":{"@context":"https:\/\/schema.org","@graph":[{"@type":"WebPage","@id":"https:\/\/www.hrserv.ch\/fr\/expert-pool-hr-manager-ad-interim\/","url":"https:\/\/www.hrserv.ch\/fr\/expert-pool-hr-manager-ad-interim\/","name":"Pool d'experts - HR Services","isPartOf":{"@id":"https:\/\/www.hrserv.ch\/fr\/#website"},"primaryImageOfPage":{"@id":"https:\/\/www.hrserv.ch\/fr\/expert-pool-hr-manager-ad-interim\/#primaryimage"},"image":{"@id":"https:\/\/www.hrserv.ch\/fr\/expert-pool-hr-manager-ad-interim\/#primaryimage"},"thumbnailUrl":"https:\/\/www.hrserv.ch\/wp-content\/uploads\/sites\/3\/2019\/12\/expertenpool.jpg","datePublished":"2024-11-12T08:37:48+00:00","dateModified":"2024-11-21T11:49:05+00:00","inLanguage":"fr-FR","potentialAction":[{"@type":"ReadAction","target":["https:\/\/www.hrserv.ch\/fr\/expert-pool-hr-manager-ad-interim\/"]}]},{"@type":"ImageObject","inLanguage":"fr-FR","@id":"https:\/\/www.hrserv.ch\/fr\/expert-pool-hr-manager-ad-interim\/#primaryimage","url":"https:\/\/www.hrserv.ch\/wp-content\/uploads\/sites\/3\/2019\/12\/expertenpool.jpg","contentUrl":"https:\/\/www.hrserv.ch\/wp-content\/uploads\/sites\/3\/2019\/12\/expertenpool.jpg","width":1199,"height":300},{"@type":"WebSite","@id":"https:\/\/www.hrserv.ch\/fr\/#website","url":"https:\/\/www.hrserv.ch\/fr\/","name":"HR Services","description":"Professional - Cost-optimised - Quick","publisher":{"@id":"https:\/\/www.hrserv.ch\/fr\/#organization"},"potentialAction":[{"@type":"SearchAction","target":{"@type":"EntryPoint","urlTemplate":"https:\/\/www.hrserv.ch\/fr\/?s={search_term_string}"},"query-input":{"@type":"PropertyValueSpecification","valueRequired":true,"valueName":"search_term_string"}}],"inLanguage":"fr-FR"},{"@type":"Organization","@id":"https:\/\/www.hrserv.ch\/fr\/#organization","name":"HR Services","url":"https:\/\/www.hrserv.ch\/fr\/","logo":{"@type":"ImageObject","inLanguage":"fr-FR","@id":"https:\/\/www.hrserv.ch\/fr\/#\/schema\/logo\/image\/","url":"https:\/\/www.hrserv.ch\/wp-content\/uploads\/sites\/3\/2019\/10\/logo-hr-services-1.png","contentUrl":"https:\/\/www.hrserv.ch\/wp-content\/uploads\/sites\/3\/2019\/10\/logo-hr-services-1.png","width":400,"height":132,"caption":"HR Services"},"image":{"@id":"https:\/\/www.hrserv.ch\/fr\/#\/schema\/logo\/image\/"}}]}},"_links":{"self":[{"href":"https:\/\/www.hrserv.ch\/fr\/wp-json\/wp\/v2\/pages\/896","targetHints":{"allow":["GET"]}}],"collection":[{"href":"https:\/\/www.hrserv.ch\/fr\/wp-json\/wp\/v2\/pages"}],"about":[{"href":"https:\/\/www.hrserv.ch\/fr\/wp-json\/wp\/v2\/types\/page"}],"author":[{"embeddable":true,"href":"https:\/\/www.hrserv.ch\/fr\/wp-json\/wp\/v2\/users\/1"}],"replies":[{"embeddable":true,"href":"https:\/\/www.hrserv.ch\/fr\/wp-json\/wp\/v2\/comments?post=896"}],"version-history":[{"count":5,"href":"https:\/\/www.hrserv.ch\/fr\/wp-json\/wp\/v2\/pages\/896\/revisions"}],"predecessor-version":[{"id":1122,"href":"https:\/\/www.hrserv.ch\/fr\/wp-json\/wp\/v2\/pages\/896\/revisions\/1122"}],"wp:featuredmedia":[{"embeddable":true,"href":"https:\/\/www.hrserv.ch\/fr\/wp-json\/wp\/v2\/media\/917"}],"wp:attachment":[{"href":"https:\/\/www.hrserv.ch\/fr\/wp-json\/wp\/v2\/media?parent=896"}],"curies":[{"name":"wp","href":"https:\/\/api.w.org\/{rel}","templated":true}]}}