{"id":960,"date":"2024-11-12T09:59:31","date_gmt":"2024-11-12T09:59:31","guid":{"rendered":"https:\/\/hrserv.ch\/?page_id=960"},"modified":"2024-11-13T01:44:01","modified_gmt":"2024-11-13T01:44:01","slug":"hr-bundling-packages","status":"publish","type":"page","link":"https:\/\/www.hrserv.ch\/fr\/expert-pool-hr-manager-ad-interim\/hr-bundling-packages\/","title":{"rendered":"Pacquets RH (Bundling)\u00a0"},"content":{"rendered":"\n<h2 class=\"wp-block-heading\">Regroupement de prestations RH sp\u00e9cifiques \u00e0 l&rsquo;entreprise\u00a0\u00a0<\/h2>\n\n\n\n<p>De nos jours, le d\u00e9veloppement des comp\u00e9tences RH n\u00e9cessaires est un d\u00e9fi de taille, surtout dans le secteur des PME. Nous vous proposons des paquets de services RH int\u00e9gr\u00e9s de haute qualit\u00e9 \u00e0 des prix \u00e9quitables. Vous souhaitez peut-\u00eatre externaliser uniquement le payrolling ou le recrutement, voire m\u00eame les deux ou d&rsquo;autres services RH. Avec HR Services, vous avez trouv\u00e9 un partenaire flexible qui s&rsquo;adapte \u00e0 vos souhaits sp\u00e9cifiques.\u00a0\u00a0<\/p>\n","protected":false},"excerpt":{"rendered":"<p>Regroupement de prestations RH sp\u00e9cifiques \u00e0 l&rsquo;entreprise\u00a0\u00a0 De nos jours, le d\u00e9veloppement des comp\u00e9tences RH n\u00e9cessaires est un d\u00e9fi de taille, surtout dans le secteur des PME. Nous vous proposons des paquets de services RH int\u00e9gr\u00e9s de haute qualit\u00e9 \u00e0 des prix \u00e9quitables. Vous souhaitez peut-\u00eatre externaliser uniquement le payrolling ou le recrutement, voire m\u00eame [&hellip;]<\/p>\n","protected":false},"author":1,"featured_media":915,"parent":896,"menu_order":4,"comment_status":"closed","ping_status":"closed","template":"","meta":{"_acf_changed":false,"footnotes":""},"class_list":["post-960","page","type-page","status-publish","has-post-thumbnail","hentry"],"acf":[],"yoast_head":"<!-- This site is optimized with the Yoast SEO plugin v27.5 - https:\/\/yoast.com\/product\/yoast-seo-wordpress\/ -->\n<title>Pacquets RH (Bundling)\u00a0 - HR Services<\/title>\n<meta name=\"robots\" content=\"index, follow, max-snippet:-1, max-image-preview:large, max-video-preview:-1\" \/>\n<link rel=\"canonical\" href=\"https:\/\/www.hrserv.ch\/fr\/expert-pool-hr-manager-ad-interim\/hr-bundling-packages\/\" \/>\n<meta property=\"og:locale\" content=\"fr_FR\" \/>\n<meta property=\"og:type\" content=\"article\" \/>\n<meta property=\"og:title\" content=\"Pacquets RH (Bundling)\u00a0 - HR Services\" \/>\n<meta property=\"og:description\" content=\"Regroupement de prestations RH sp\u00e9cifiques \u00e0 l&rsquo;entreprise\u00a0\u00a0 De nos jours, le d\u00e9veloppement des comp\u00e9tences RH n\u00e9cessaires est un d\u00e9fi de taille, surtout dans le secteur des PME. Nous vous proposons des paquets de services RH int\u00e9gr\u00e9s de haute qualit\u00e9 \u00e0 des prix \u00e9quitables. Vous souhaitez peut-\u00eatre externaliser uniquement le payrolling ou le recrutement, voire m\u00eame [&hellip;]\" \/>\n<meta property=\"og:url\" content=\"https:\/\/www.hrserv.ch\/fr\/expert-pool-hr-manager-ad-interim\/hr-bundling-packages\/\" \/>\n<meta property=\"og:site_name\" content=\"HR Services\" \/>\n<meta property=\"article:modified_time\" content=\"2024-11-13T01:44:01+00:00\" \/>\n<meta property=\"og:image\" content=\"https:\/\/www.hrserv.ch\/wp-content\/uploads\/sites\/3\/2019\/10\/expertenpool.jpg\" \/>\n\t<meta property=\"og:image:width\" content=\"1199\" \/>\n\t<meta property=\"og:image:height\" content=\"300\" \/>\n\t<meta property=\"og:image:type\" content=\"image\/jpeg\" \/>\n<meta name=\"twitter:card\" content=\"summary_large_image\" \/>\n<meta name=\"twitter:label1\" content=\"Dur\u00e9e de lecture estim\u00e9e\" \/>\n\t<meta name=\"twitter:data1\" content=\"1 minute\" \/>\n<script type=\"application\/ld+json\" class=\"yoast-schema-graph\">{\"@context\":\"https:\\\/\\\/schema.org\",\"@graph\":[{\"@type\":\"WebPage\",\"@id\":\"https:\\\/\\\/www.hrserv.ch\\\/fr\\\/expert-pool-hr-manager-ad-interim\\\/hr-bundling-packages\\\/\",\"url\":\"https:\\\/\\\/www.hrserv.ch\\\/fr\\\/expert-pool-hr-manager-ad-interim\\\/hr-bundling-packages\\\/\",\"name\":\"Pacquets RH (Bundling)\u00a0 - HR Services\",\"isPartOf\":{\"@id\":\"https:\\\/\\\/www.hrserv.ch\\\/fr\\\/#website\"},\"primaryImageOfPage\":{\"@id\":\"https:\\\/\\\/www.hrserv.ch\\\/fr\\\/expert-pool-hr-manager-ad-interim\\\/hr-bundling-packages\\\/#primaryimage\"},\"image\":{\"@id\":\"https:\\\/\\\/www.hrserv.ch\\\/fr\\\/expert-pool-hr-manager-ad-interim\\\/hr-bundling-packages\\\/#primaryimage\"},\"thumbnailUrl\":\"https:\\\/\\\/www.hrserv.ch\\\/wp-content\\\/uploads\\\/sites\\\/3\\\/2019\\\/10\\\/expertenpool.jpg\",\"datePublished\":\"2024-11-12T09:59:31+00:00\",\"dateModified\":\"2024-11-13T01:44:01+00:00\",\"breadcrumb\":{\"@id\":\"https:\\\/\\\/www.hrserv.ch\\\/fr\\\/expert-pool-hr-manager-ad-interim\\\/hr-bundling-packages\\\/#breadcrumb\"},\"inLanguage\":\"fr-FR\",\"potentialAction\":[{\"@type\":\"ReadAction\",\"target\":[\"https:\\\/\\\/www.hrserv.ch\\\/fr\\\/expert-pool-hr-manager-ad-interim\\\/hr-bundling-packages\\\/\"]}]},{\"@type\":\"ImageObject\",\"inLanguage\":\"fr-FR\",\"@id\":\"https:\\\/\\\/www.hrserv.ch\\\/fr\\\/expert-pool-hr-manager-ad-interim\\\/hr-bundling-packages\\\/#primaryimage\",\"url\":\"https:\\\/\\\/www.hrserv.ch\\\/wp-content\\\/uploads\\\/sites\\\/3\\\/2019\\\/10\\\/expertenpool.jpg\",\"contentUrl\":\"https:\\\/\\\/www.hrserv.ch\\\/wp-content\\\/uploads\\\/sites\\\/3\\\/2019\\\/10\\\/expertenpool.jpg\",\"width\":1199,\"height\":300},{\"@type\":\"BreadcrumbList\",\"@id\":\"https:\\\/\\\/www.hrserv.ch\\\/fr\\\/expert-pool-hr-manager-ad-interim\\\/hr-bundling-packages\\\/#breadcrumb\",\"itemListElement\":[{\"@type\":\"ListItem\",\"position\":1,\"name\":\"Home\",\"item\":\"https:\\\/\\\/www.hrserv.ch\\\/fr\\\/\"},{\"@type\":\"ListItem\",\"position\":2,\"name\":\"Pool d&#8217;experts\"}]},{\"@type\":\"WebSite\",\"@id\":\"https:\\\/\\\/www.hrserv.ch\\\/fr\\\/#website\",\"url\":\"https:\\\/\\\/www.hrserv.ch\\\/fr\\\/\",\"name\":\"HR Services\",\"description\":\"Professional - Cost-optimised - Quick\",\"publisher\":{\"@id\":\"https:\\\/\\\/www.hrserv.ch\\\/fr\\\/#organization\"},\"potentialAction\":[{\"@type\":\"SearchAction\",\"target\":{\"@type\":\"EntryPoint\",\"urlTemplate\":\"https:\\\/\\\/www.hrserv.ch\\\/fr\\\/?s={search_term_string}\"},\"query-input\":{\"@type\":\"PropertyValueSpecification\",\"valueRequired\":true,\"valueName\":\"search_term_string\"}}],\"inLanguage\":\"fr-FR\"},{\"@type\":\"Organization\",\"@id\":\"https:\\\/\\\/www.hrserv.ch\\\/fr\\\/#organization\",\"name\":\"HR Services\",\"url\":\"https:\\\/\\\/www.hrserv.ch\\\/fr\\\/\",\"logo\":{\"@type\":\"ImageObject\",\"inLanguage\":\"fr-FR\",\"@id\":\"https:\\\/\\\/www.hrserv.ch\\\/fr\\\/#\\\/schema\\\/logo\\\/image\\\/\",\"url\":\"https:\\\/\\\/www.hrserv.ch\\\/wp-content\\\/uploads\\\/sites\\\/3\\\/2019\\\/10\\\/logo-hr-services-1.png\",\"contentUrl\":\"https:\\\/\\\/www.hrserv.ch\\\/wp-content\\\/uploads\\\/sites\\\/3\\\/2019\\\/10\\\/logo-hr-services-1.png\",\"width\":400,\"height\":132,\"caption\":\"HR Services\"},\"image\":{\"@id\":\"https:\\\/\\\/www.hrserv.ch\\\/fr\\\/#\\\/schema\\\/logo\\\/image\\\/\"}}]}<\/script>\n<!-- \/ Yoast SEO plugin. -->","yoast_head_json":{"title":"Pacquets RH (Bundling)\u00a0 - HR Services","robots":{"index":"index","follow":"follow","max-snippet":"max-snippet:-1","max-image-preview":"max-image-preview:large","max-video-preview":"max-video-preview:-1"},"canonical":"https:\/\/www.hrserv.ch\/fr\/expert-pool-hr-manager-ad-interim\/hr-bundling-packages\/","og_locale":"fr_FR","og_type":"article","og_title":"Pacquets RH (Bundling)\u00a0 - HR Services","og_description":"Regroupement de prestations RH sp\u00e9cifiques \u00e0 l&rsquo;entreprise\u00a0\u00a0 De nos jours, le d\u00e9veloppement des comp\u00e9tences RH n\u00e9cessaires est un d\u00e9fi de taille, surtout dans le secteur des PME. Nous vous proposons des paquets de services RH int\u00e9gr\u00e9s de haute qualit\u00e9 \u00e0 des prix \u00e9quitables. Vous souhaitez peut-\u00eatre externaliser uniquement le payrolling ou le recrutement, voire m\u00eame [&hellip;]","og_url":"https:\/\/www.hrserv.ch\/fr\/expert-pool-hr-manager-ad-interim\/hr-bundling-packages\/","og_site_name":"HR Services","article_modified_time":"2024-11-13T01:44:01+00:00","og_image":[{"width":1199,"height":300,"url":"https:\/\/www.hrserv.ch\/wp-content\/uploads\/sites\/3\/2019\/10\/expertenpool.jpg","type":"image\/jpeg"}],"twitter_card":"summary_large_image","twitter_misc":{"Dur\u00e9e de lecture estim\u00e9e":"1 minute"},"schema":{"@context":"https:\/\/schema.org","@graph":[{"@type":"WebPage","@id":"https:\/\/www.hrserv.ch\/fr\/expert-pool-hr-manager-ad-interim\/hr-bundling-packages\/","url":"https:\/\/www.hrserv.ch\/fr\/expert-pool-hr-manager-ad-interim\/hr-bundling-packages\/","name":"Pacquets RH (Bundling)\u00a0 - HR Services","isPartOf":{"@id":"https:\/\/www.hrserv.ch\/fr\/#website"},"primaryImageOfPage":{"@id":"https:\/\/www.hrserv.ch\/fr\/expert-pool-hr-manager-ad-interim\/hr-bundling-packages\/#primaryimage"},"image":{"@id":"https:\/\/www.hrserv.ch\/fr\/expert-pool-hr-manager-ad-interim\/hr-bundling-packages\/#primaryimage"},"thumbnailUrl":"https:\/\/www.hrserv.ch\/wp-content\/uploads\/sites\/3\/2019\/10\/expertenpool.jpg","datePublished":"2024-11-12T09:59:31+00:00","dateModified":"2024-11-13T01:44:01+00:00","breadcrumb":{"@id":"https:\/\/www.hrserv.ch\/fr\/expert-pool-hr-manager-ad-interim\/hr-bundling-packages\/#breadcrumb"},"inLanguage":"fr-FR","potentialAction":[{"@type":"ReadAction","target":["https:\/\/www.hrserv.ch\/fr\/expert-pool-hr-manager-ad-interim\/hr-bundling-packages\/"]}]},{"@type":"ImageObject","inLanguage":"fr-FR","@id":"https:\/\/www.hrserv.ch\/fr\/expert-pool-hr-manager-ad-interim\/hr-bundling-packages\/#primaryimage","url":"https:\/\/www.hrserv.ch\/wp-content\/uploads\/sites\/3\/2019\/10\/expertenpool.jpg","contentUrl":"https:\/\/www.hrserv.ch\/wp-content\/uploads\/sites\/3\/2019\/10\/expertenpool.jpg","width":1199,"height":300},{"@type":"BreadcrumbList","@id":"https:\/\/www.hrserv.ch\/fr\/expert-pool-hr-manager-ad-interim\/hr-bundling-packages\/#breadcrumb","itemListElement":[{"@type":"ListItem","position":1,"name":"Home","item":"https:\/\/www.hrserv.ch\/fr\/"},{"@type":"ListItem","position":2,"name":"Pool d&#8217;experts"}]},{"@type":"WebSite","@id":"https:\/\/www.hrserv.ch\/fr\/#website","url":"https:\/\/www.hrserv.ch\/fr\/","name":"HR Services","description":"Professional - Cost-optimised - Quick","publisher":{"@id":"https:\/\/www.hrserv.ch\/fr\/#organization"},"potentialAction":[{"@type":"SearchAction","target":{"@type":"EntryPoint","urlTemplate":"https:\/\/www.hrserv.ch\/fr\/?s={search_term_string}"},"query-input":{"@type":"PropertyValueSpecification","valueRequired":true,"valueName":"search_term_string"}}],"inLanguage":"fr-FR"},{"@type":"Organization","@id":"https:\/\/www.hrserv.ch\/fr\/#organization","name":"HR Services","url":"https:\/\/www.hrserv.ch\/fr\/","logo":{"@type":"ImageObject","inLanguage":"fr-FR","@id":"https:\/\/www.hrserv.ch\/fr\/#\/schema\/logo\/image\/","url":"https:\/\/www.hrserv.ch\/wp-content\/uploads\/sites\/3\/2019\/10\/logo-hr-services-1.png","contentUrl":"https:\/\/www.hrserv.ch\/wp-content\/uploads\/sites\/3\/2019\/10\/logo-hr-services-1.png","width":400,"height":132,"caption":"HR Services"},"image":{"@id":"https:\/\/www.hrserv.ch\/fr\/#\/schema\/logo\/image\/"}}]}},"_links":{"self":[{"href":"https:\/\/www.hrserv.ch\/fr\/wp-json\/wp\/v2\/pages\/960","targetHints":{"allow":["GET"]}}],"collection":[{"href":"https:\/\/www.hrserv.ch\/fr\/wp-json\/wp\/v2\/pages"}],"about":[{"href":"https:\/\/www.hrserv.ch\/fr\/wp-json\/wp\/v2\/types\/page"}],"author":[{"embeddable":true,"href":"https:\/\/www.hrserv.ch\/fr\/wp-json\/wp\/v2\/users\/1"}],"replies":[{"embeddable":true,"href":"https:\/\/www.hrserv.ch\/fr\/wp-json\/wp\/v2\/comments?post=960"}],"version-history":[{"count":2,"href":"https:\/\/www.hrserv.ch\/fr\/wp-json\/wp\/v2\/pages\/960\/revisions"}],"predecessor-version":[{"id":1070,"href":"https:\/\/www.hrserv.ch\/fr\/wp-json\/wp\/v2\/pages\/960\/revisions\/1070"}],"up":[{"embeddable":true,"href":"https:\/\/www.hrserv.ch\/fr\/wp-json\/wp\/v2\/pages\/896"}],"wp:featuredmedia":[{"embeddable":true,"href":"https:\/\/www.hrserv.ch\/fr\/wp-json\/wp\/v2\/media\/915"}],"wp:attachment":[{"href":"https:\/\/www.hrserv.ch\/fr\/wp-json\/wp\/v2\/media?parent=960"}],"curies":[{"name":"wp","href":"https:\/\/api.w.org\/{rel}","templated":true}]}}