{"id":963,"date":"2024-11-12T10:00:00","date_gmt":"2024-11-12T10:00:00","guid":{"rendered":"https:\/\/hrserv.ch\/?page_id=963"},"modified":"2025-01-23T10:19:25","modified_gmt":"2025-01-23T10:19:25","slug":"hr-specialists","status":"publish","type":"page","link":"https:\/\/www.hrserv.ch\/fr\/expert-pool-hr-manager-ad-interim\/hr-specialists\/","title":{"rendered":"Sp\u00e9cialistes RH"},"content":{"rendered":"\n<h2 class=\"wp-block-heading\">Des experts pour tous les domaines RH&nbsp;&nbsp;<\/h2>\n\n\n\n<p>Une gestion professionnelle des RH est indispensable \u00e0 la r\u00e9ussite d&rsquo;une entreprise. Toutes les entreprises n&rsquo;ont pas l&rsquo;expertise n\u00e9cessaire pour mettre en place un service RH efficace et qualitativement satisfaisant. Nos experts prennent en charge les t\u00e2ches souhait\u00e9es en fonction du projet et d\u00e9chargent votre d\u00e9partement des ressources humaines. Notre pool d&rsquo;experts comprend des sp\u00e9cialistes de tous les domaines de la gestion des ressources humaines&nbsp;&nbsp;<\/p>\n\n\n\n<div class=\"wp-block-columns has-2-columns is-layout-flex wp-container-core-columns-is-layout-9d6595d7 wp-block-columns-is-layout-flex\">\n<div class=\"wp-block-column is-layout-flow wp-block-column-is-layout-flow\">\n<ul class=\"wp-block-list\">\n<li>Sp\u00e9cialistes du recrutement<\/li>\n\n\n\n<li>Sp\u00e9cialistes du payrolling<\/li>\n\n\n\n<li>Compensation &amp; benefits<\/li>\n\n\n\n<li>Juristes<\/li>\n\n\n\n<li>Experts en assurances sociales<\/li>\n\n\n\n<li>Sp\u00e9cialistes des caisses de pension<\/li>\n<\/ul>\n<\/div>\n\n\n\n<div class=\"wp-block-column is-layout-flow wp-block-column-is-layout-flow\">\n<ul class=\"wp-block-list\">\n<li>Experts expatri\u00e9s \/ repatri\u00e9s<\/li>\n\n\n\n<li>Marque employeur<\/li>\n\n\n\n<li>Sp\u00e9cialistes des m\u00e9dias sociaux<\/li>\n\n\n\n<li>Experts en informatique<\/li>\n\n\n\n<li>etc.\u00a0<\/li>\n<\/ul>\n<\/div>\n<\/div>\n","protected":false},"excerpt":{"rendered":"<p>Des experts pour tous les domaines RH&nbsp;&nbsp; Une gestion professionnelle des RH est indispensable \u00e0 la r\u00e9ussite d&rsquo;une entreprise. Toutes les entreprises n&rsquo;ont pas l&rsquo;expertise n\u00e9cessaire pour mettre en place un service RH efficace et qualitativement satisfaisant. Nos experts prennent en charge les t\u00e2ches souhait\u00e9es en fonction du projet et d\u00e9chargent votre d\u00e9partement des ressources [&hellip;]<\/p>\n","protected":false},"author":1,"featured_media":915,"parent":896,"menu_order":2,"comment_status":"closed","ping_status":"closed","template":"","meta":{"_acf_changed":false,"footnotes":""},"class_list":["post-963","page","type-page","status-publish","has-post-thumbnail","hentry"],"acf":[],"yoast_head":"<!-- This site is optimized with the Yoast SEO plugin v27.5 - https:\/\/yoast.com\/product\/yoast-seo-wordpress\/ -->\n<title>Sp\u00e9cialistes RH - HR Services<\/title>\n<meta name=\"robots\" content=\"index, follow, max-snippet:-1, max-image-preview:large, max-video-preview:-1\" \/>\n<link rel=\"canonical\" href=\"https:\/\/www.hrserv.ch\/fr\/expert-pool-hr-manager-ad-interim\/hr-specialists\/\" \/>\n<meta property=\"og:locale\" content=\"fr_FR\" \/>\n<meta property=\"og:type\" content=\"article\" \/>\n<meta property=\"og:title\" content=\"Sp\u00e9cialistes RH - HR Services\" \/>\n<meta property=\"og:description\" content=\"Des experts pour tous les domaines RH&nbsp;&nbsp; Une gestion professionnelle des RH est indispensable \u00e0 la r\u00e9ussite d&rsquo;une entreprise. Toutes les entreprises n&rsquo;ont pas l&rsquo;expertise n\u00e9cessaire pour mettre en place un service RH efficace et qualitativement satisfaisant. Nos experts prennent en charge les t\u00e2ches souhait\u00e9es en fonction du projet et d\u00e9chargent votre d\u00e9partement des ressources [&hellip;]\" \/>\n<meta property=\"og:url\" content=\"https:\/\/www.hrserv.ch\/fr\/expert-pool-hr-manager-ad-interim\/hr-specialists\/\" \/>\n<meta property=\"og:site_name\" content=\"HR Services\" \/>\n<meta property=\"article:modified_time\" content=\"2025-01-23T10:19:25+00:00\" \/>\n<meta property=\"og:image\" content=\"https:\/\/www.hrserv.ch\/wp-content\/uploads\/sites\/3\/2019\/10\/expertenpool.jpg\" \/>\n\t<meta property=\"og:image:width\" content=\"1199\" \/>\n\t<meta property=\"og:image:height\" content=\"300\" \/>\n\t<meta property=\"og:image:type\" content=\"image\/jpeg\" \/>\n<meta name=\"twitter:card\" content=\"summary_large_image\" \/>\n<meta name=\"twitter:label1\" content=\"Dur\u00e9e de lecture estim\u00e9e\" \/>\n\t<meta name=\"twitter:data1\" content=\"1 minute\" \/>\n<script type=\"application\/ld+json\" class=\"yoast-schema-graph\">{\"@context\":\"https:\\\/\\\/schema.org\",\"@graph\":[{\"@type\":\"WebPage\",\"@id\":\"https:\\\/\\\/www.hrserv.ch\\\/fr\\\/expert-pool-hr-manager-ad-interim\\\/hr-specialists\\\/\",\"url\":\"https:\\\/\\\/www.hrserv.ch\\\/fr\\\/expert-pool-hr-manager-ad-interim\\\/hr-specialists\\\/\",\"name\":\"Sp\u00e9cialistes RH - HR Services\",\"isPartOf\":{\"@id\":\"https:\\\/\\\/www.hrserv.ch\\\/fr\\\/#website\"},\"primaryImageOfPage\":{\"@id\":\"https:\\\/\\\/www.hrserv.ch\\\/fr\\\/expert-pool-hr-manager-ad-interim\\\/hr-specialists\\\/#primaryimage\"},\"image\":{\"@id\":\"https:\\\/\\\/www.hrserv.ch\\\/fr\\\/expert-pool-hr-manager-ad-interim\\\/hr-specialists\\\/#primaryimage\"},\"thumbnailUrl\":\"https:\\\/\\\/www.hrserv.ch\\\/wp-content\\\/uploads\\\/sites\\\/3\\\/2019\\\/10\\\/expertenpool.jpg\",\"datePublished\":\"2024-11-12T10:00:00+00:00\",\"dateModified\":\"2025-01-23T10:19:25+00:00\",\"breadcrumb\":{\"@id\":\"https:\\\/\\\/www.hrserv.ch\\\/fr\\\/expert-pool-hr-manager-ad-interim\\\/hr-specialists\\\/#breadcrumb\"},\"inLanguage\":\"fr-FR\",\"potentialAction\":[{\"@type\":\"ReadAction\",\"target\":[\"https:\\\/\\\/www.hrserv.ch\\\/fr\\\/expert-pool-hr-manager-ad-interim\\\/hr-specialists\\\/\"]}]},{\"@type\":\"ImageObject\",\"inLanguage\":\"fr-FR\",\"@id\":\"https:\\\/\\\/www.hrserv.ch\\\/fr\\\/expert-pool-hr-manager-ad-interim\\\/hr-specialists\\\/#primaryimage\",\"url\":\"https:\\\/\\\/www.hrserv.ch\\\/wp-content\\\/uploads\\\/sites\\\/3\\\/2019\\\/10\\\/expertenpool.jpg\",\"contentUrl\":\"https:\\\/\\\/www.hrserv.ch\\\/wp-content\\\/uploads\\\/sites\\\/3\\\/2019\\\/10\\\/expertenpool.jpg\",\"width\":1199,\"height\":300},{\"@type\":\"BreadcrumbList\",\"@id\":\"https:\\\/\\\/www.hrserv.ch\\\/fr\\\/expert-pool-hr-manager-ad-interim\\\/hr-specialists\\\/#breadcrumb\",\"itemListElement\":[{\"@type\":\"ListItem\",\"position\":1,\"name\":\"Home\",\"item\":\"https:\\\/\\\/www.hrserv.ch\\\/fr\\\/\"},{\"@type\":\"ListItem\",\"position\":2,\"name\":\"Pool d&#8217;experts\"}]},{\"@type\":\"WebSite\",\"@id\":\"https:\\\/\\\/www.hrserv.ch\\\/fr\\\/#website\",\"url\":\"https:\\\/\\\/www.hrserv.ch\\\/fr\\\/\",\"name\":\"HR Services\",\"description\":\"Professional - Cost-optimised - Quick\",\"publisher\":{\"@id\":\"https:\\\/\\\/www.hrserv.ch\\\/fr\\\/#organization\"},\"potentialAction\":[{\"@type\":\"SearchAction\",\"target\":{\"@type\":\"EntryPoint\",\"urlTemplate\":\"https:\\\/\\\/www.hrserv.ch\\\/fr\\\/?s={search_term_string}\"},\"query-input\":{\"@type\":\"PropertyValueSpecification\",\"valueRequired\":true,\"valueName\":\"search_term_string\"}}],\"inLanguage\":\"fr-FR\"},{\"@type\":\"Organization\",\"@id\":\"https:\\\/\\\/www.hrserv.ch\\\/fr\\\/#organization\",\"name\":\"HR Services\",\"url\":\"https:\\\/\\\/www.hrserv.ch\\\/fr\\\/\",\"logo\":{\"@type\":\"ImageObject\",\"inLanguage\":\"fr-FR\",\"@id\":\"https:\\\/\\\/www.hrserv.ch\\\/fr\\\/#\\\/schema\\\/logo\\\/image\\\/\",\"url\":\"https:\\\/\\\/www.hrserv.ch\\\/wp-content\\\/uploads\\\/sites\\\/3\\\/2019\\\/10\\\/logo-hr-services-1.png\",\"contentUrl\":\"https:\\\/\\\/www.hrserv.ch\\\/wp-content\\\/uploads\\\/sites\\\/3\\\/2019\\\/10\\\/logo-hr-services-1.png\",\"width\":400,\"height\":132,\"caption\":\"HR Services\"},\"image\":{\"@id\":\"https:\\\/\\\/www.hrserv.ch\\\/fr\\\/#\\\/schema\\\/logo\\\/image\\\/\"}}]}<\/script>\n<!-- \/ Yoast SEO plugin. -->","yoast_head_json":{"title":"Sp\u00e9cialistes RH - HR Services","robots":{"index":"index","follow":"follow","max-snippet":"max-snippet:-1","max-image-preview":"max-image-preview:large","max-video-preview":"max-video-preview:-1"},"canonical":"https:\/\/www.hrserv.ch\/fr\/expert-pool-hr-manager-ad-interim\/hr-specialists\/","og_locale":"fr_FR","og_type":"article","og_title":"Sp\u00e9cialistes RH - HR Services","og_description":"Des experts pour tous les domaines RH&nbsp;&nbsp; Une gestion professionnelle des RH est indispensable \u00e0 la r\u00e9ussite d&rsquo;une entreprise. Toutes les entreprises n&rsquo;ont pas l&rsquo;expertise n\u00e9cessaire pour mettre en place un service RH efficace et qualitativement satisfaisant. Nos experts prennent en charge les t\u00e2ches souhait\u00e9es en fonction du projet et d\u00e9chargent votre d\u00e9partement des ressources [&hellip;]","og_url":"https:\/\/www.hrserv.ch\/fr\/expert-pool-hr-manager-ad-interim\/hr-specialists\/","og_site_name":"HR Services","article_modified_time":"2025-01-23T10:19:25+00:00","og_image":[{"width":1199,"height":300,"url":"https:\/\/www.hrserv.ch\/wp-content\/uploads\/sites\/3\/2019\/10\/expertenpool.jpg","type":"image\/jpeg"}],"twitter_card":"summary_large_image","twitter_misc":{"Dur\u00e9e de lecture estim\u00e9e":"1 minute"},"schema":{"@context":"https:\/\/schema.org","@graph":[{"@type":"WebPage","@id":"https:\/\/www.hrserv.ch\/fr\/expert-pool-hr-manager-ad-interim\/hr-specialists\/","url":"https:\/\/www.hrserv.ch\/fr\/expert-pool-hr-manager-ad-interim\/hr-specialists\/","name":"Sp\u00e9cialistes RH - HR Services","isPartOf":{"@id":"https:\/\/www.hrserv.ch\/fr\/#website"},"primaryImageOfPage":{"@id":"https:\/\/www.hrserv.ch\/fr\/expert-pool-hr-manager-ad-interim\/hr-specialists\/#primaryimage"},"image":{"@id":"https:\/\/www.hrserv.ch\/fr\/expert-pool-hr-manager-ad-interim\/hr-specialists\/#primaryimage"},"thumbnailUrl":"https:\/\/www.hrserv.ch\/wp-content\/uploads\/sites\/3\/2019\/10\/expertenpool.jpg","datePublished":"2024-11-12T10:00:00+00:00","dateModified":"2025-01-23T10:19:25+00:00","breadcrumb":{"@id":"https:\/\/www.hrserv.ch\/fr\/expert-pool-hr-manager-ad-interim\/hr-specialists\/#breadcrumb"},"inLanguage":"fr-FR","potentialAction":[{"@type":"ReadAction","target":["https:\/\/www.hrserv.ch\/fr\/expert-pool-hr-manager-ad-interim\/hr-specialists\/"]}]},{"@type":"ImageObject","inLanguage":"fr-FR","@id":"https:\/\/www.hrserv.ch\/fr\/expert-pool-hr-manager-ad-interim\/hr-specialists\/#primaryimage","url":"https:\/\/www.hrserv.ch\/wp-content\/uploads\/sites\/3\/2019\/10\/expertenpool.jpg","contentUrl":"https:\/\/www.hrserv.ch\/wp-content\/uploads\/sites\/3\/2019\/10\/expertenpool.jpg","width":1199,"height":300},{"@type":"BreadcrumbList","@id":"https:\/\/www.hrserv.ch\/fr\/expert-pool-hr-manager-ad-interim\/hr-specialists\/#breadcrumb","itemListElement":[{"@type":"ListItem","position":1,"name":"Home","item":"https:\/\/www.hrserv.ch\/fr\/"},{"@type":"ListItem","position":2,"name":"Pool d&#8217;experts"}]},{"@type":"WebSite","@id":"https:\/\/www.hrserv.ch\/fr\/#website","url":"https:\/\/www.hrserv.ch\/fr\/","name":"HR Services","description":"Professional - Cost-optimised - Quick","publisher":{"@id":"https:\/\/www.hrserv.ch\/fr\/#organization"},"potentialAction":[{"@type":"SearchAction","target":{"@type":"EntryPoint","urlTemplate":"https:\/\/www.hrserv.ch\/fr\/?s={search_term_string}"},"query-input":{"@type":"PropertyValueSpecification","valueRequired":true,"valueName":"search_term_string"}}],"inLanguage":"fr-FR"},{"@type":"Organization","@id":"https:\/\/www.hrserv.ch\/fr\/#organization","name":"HR Services","url":"https:\/\/www.hrserv.ch\/fr\/","logo":{"@type":"ImageObject","inLanguage":"fr-FR","@id":"https:\/\/www.hrserv.ch\/fr\/#\/schema\/logo\/image\/","url":"https:\/\/www.hrserv.ch\/wp-content\/uploads\/sites\/3\/2019\/10\/logo-hr-services-1.png","contentUrl":"https:\/\/www.hrserv.ch\/wp-content\/uploads\/sites\/3\/2019\/10\/logo-hr-services-1.png","width":400,"height":132,"caption":"HR Services"},"image":{"@id":"https:\/\/www.hrserv.ch\/fr\/#\/schema\/logo\/image\/"}}]}},"_links":{"self":[{"href":"https:\/\/www.hrserv.ch\/fr\/wp-json\/wp\/v2\/pages\/963","targetHints":{"allow":["GET"]}}],"collection":[{"href":"https:\/\/www.hrserv.ch\/fr\/wp-json\/wp\/v2\/pages"}],"about":[{"href":"https:\/\/www.hrserv.ch\/fr\/wp-json\/wp\/v2\/types\/page"}],"author":[{"embeddable":true,"href":"https:\/\/www.hrserv.ch\/fr\/wp-json\/wp\/v2\/users\/1"}],"replies":[{"embeddable":true,"href":"https:\/\/www.hrserv.ch\/fr\/wp-json\/wp\/v2\/comments?post=963"}],"version-history":[{"count":4,"href":"https:\/\/www.hrserv.ch\/fr\/wp-json\/wp\/v2\/pages\/963\/revisions"}],"predecessor-version":[{"id":1190,"href":"https:\/\/www.hrserv.ch\/fr\/wp-json\/wp\/v2\/pages\/963\/revisions\/1190"}],"up":[{"embeddable":true,"href":"https:\/\/www.hrserv.ch\/fr\/wp-json\/wp\/v2\/pages\/896"}],"wp:featuredmedia":[{"embeddable":true,"href":"https:\/\/www.hrserv.ch\/fr\/wp-json\/wp\/v2\/media\/915"}],"wp:attachment":[{"href":"https:\/\/www.hrserv.ch\/fr\/wp-json\/wp\/v2\/media?parent=963"}],"curies":[{"name":"wp","href":"https:\/\/api.w.org\/{rel}","templated":true}]}}