{"id":977,"date":"2024-11-12T10:02:19","date_gmt":"2024-11-12T10:02:19","guid":{"rendered":"https:\/\/hrserv.ch\/?page_id=977"},"modified":"2024-11-13T01:24:43","modified_gmt":"2024-11-13T01:24:43","slug":"payrolling","status":"publish","type":"page","link":"https:\/\/www.hrserv.ch\/fr\/hr-operations-outsourcing-payrolling\/payrolling\/","title":{"rendered":"Payrolling"},"content":{"rendered":"\n<h2 class=\"wp-block-heading\">Externalisation de l&rsquo;administration des salaires\u00a0\u00a0<\/h2>\n\n\n\n<p>L&rsquo;administration des salaires (payroll) devrait toujours \u00eatre effectu\u00e9e correctement et ponctuellement. En r\u00e8gle g\u00e9n\u00e9rale, le traitement des salaires ne fait pas partie des comp\u00e9tences cl\u00e9s d&rsquo;une PME. Les absences et les changements de personnel compliquent la gestion ponctuelle de la paie. En externalisant l&rsquo;administration des salaires, vous pouvez r\u00e9duire les risques et les d\u00e9pendances. Gr\u00e2ce \u00e0 notre savoir-faire et \u00e0 notre exp\u00e9rience de plusieurs dizaines d&rsquo;ann\u00e9es, nous vous permettons d&rsquo;optimiser les co\u00fbts et l&rsquo;efficacit\u00e9 du traitement de la paie.\u00a0<\/p>\n","protected":false},"excerpt":{"rendered":"<p>Externalisation de l&rsquo;administration des salaires\u00a0\u00a0 L&rsquo;administration des salaires (payroll) devrait toujours \u00eatre effectu\u00e9e correctement et ponctuellement. En r\u00e8gle g\u00e9n\u00e9rale, le traitement des salaires ne fait pas partie des comp\u00e9tences cl\u00e9s d&rsquo;une PME. Les absences et les changements de personnel compliquent la gestion ponctuelle de la paie. En externalisant l&rsquo;administration des salaires, vous pouvez r\u00e9duire les [&hellip;]<\/p>\n","protected":false},"author":1,"featured_media":904,"parent":895,"menu_order":2,"comment_status":"closed","ping_status":"closed","template":"","meta":{"_acf_changed":false,"footnotes":""},"class_list":["post-977","page","type-page","status-publish","has-post-thumbnail","hentry"],"acf":[],"yoast_head":"<!-- This site is optimized with the Yoast SEO plugin v27.4 - https:\/\/yoast.com\/product\/yoast-seo-wordpress\/ -->\n<title>Payrolling - HR Services<\/title>\n<meta name=\"robots\" content=\"index, follow, max-snippet:-1, max-image-preview:large, max-video-preview:-1\" \/>\n<link rel=\"canonical\" href=\"https:\/\/www.hrserv.ch\/fr\/hr-operations-outsourcing-payrolling\/payrolling\/\" \/>\n<meta property=\"og:locale\" content=\"fr_FR\" \/>\n<meta property=\"og:type\" content=\"article\" \/>\n<meta property=\"og:title\" content=\"Payrolling - HR Services\" \/>\n<meta property=\"og:description\" content=\"Externalisation de l&rsquo;administration des salaires\u00a0\u00a0 L&rsquo;administration des salaires (payroll) devrait toujours \u00eatre effectu\u00e9e correctement et ponctuellement. En r\u00e8gle g\u00e9n\u00e9rale, le traitement des salaires ne fait pas partie des comp\u00e9tences cl\u00e9s d&rsquo;une PME. Les absences et les changements de personnel compliquent la gestion ponctuelle de la paie. En externalisant l&rsquo;administration des salaires, vous pouvez r\u00e9duire les [&hellip;]\" \/>\n<meta property=\"og:url\" content=\"https:\/\/www.hrserv.ch\/fr\/hr-operations-outsourcing-payrolling\/payrolling\/\" \/>\n<meta property=\"og:site_name\" content=\"HR Services\" \/>\n<meta property=\"article:modified_time\" content=\"2024-11-13T01:24:43+00:00\" \/>\n<meta property=\"og:image\" content=\"https:\/\/www.hrserv.ch\/wp-content\/uploads\/sites\/3\/2019\/10\/hr-operations.jpg\" \/>\n\t<meta property=\"og:image:width\" content=\"1199\" \/>\n\t<meta property=\"og:image:height\" content=\"300\" \/>\n\t<meta property=\"og:image:type\" content=\"image\/jpeg\" \/>\n<meta name=\"twitter:card\" content=\"summary_large_image\" \/>\n<meta name=\"twitter:label1\" content=\"Dur\u00e9e de lecture estim\u00e9e\" \/>\n\t<meta name=\"twitter:data1\" content=\"1 minute\" \/>\n<script type=\"application\/ld+json\" class=\"yoast-schema-graph\">{\"@context\":\"https:\\\/\\\/schema.org\",\"@graph\":[{\"@type\":\"WebPage\",\"@id\":\"https:\\\/\\\/www.hrserv.ch\\\/fr\\\/hr-operations-outsourcing-payrolling\\\/payrolling\\\/\",\"url\":\"https:\\\/\\\/www.hrserv.ch\\\/fr\\\/hr-operations-outsourcing-payrolling\\\/payrolling\\\/\",\"name\":\"Payrolling - HR Services\",\"isPartOf\":{\"@id\":\"https:\\\/\\\/www.hrserv.ch\\\/fr\\\/#website\"},\"primaryImageOfPage\":{\"@id\":\"https:\\\/\\\/www.hrserv.ch\\\/fr\\\/hr-operations-outsourcing-payrolling\\\/payrolling\\\/#primaryimage\"},\"image\":{\"@id\":\"https:\\\/\\\/www.hrserv.ch\\\/fr\\\/hr-operations-outsourcing-payrolling\\\/payrolling\\\/#primaryimage\"},\"thumbnailUrl\":\"https:\\\/\\\/www.hrserv.ch\\\/wp-content\\\/uploads\\\/sites\\\/3\\\/2019\\\/10\\\/hr-operations.jpg\",\"datePublished\":\"2024-11-12T10:02:19+00:00\",\"dateModified\":\"2024-11-13T01:24:43+00:00\",\"breadcrumb\":{\"@id\":\"https:\\\/\\\/www.hrserv.ch\\\/fr\\\/hr-operations-outsourcing-payrolling\\\/payrolling\\\/#breadcrumb\"},\"inLanguage\":\"fr-FR\",\"potentialAction\":[{\"@type\":\"ReadAction\",\"target\":[\"https:\\\/\\\/www.hrserv.ch\\\/fr\\\/hr-operations-outsourcing-payrolling\\\/payrolling\\\/\"]}]},{\"@type\":\"ImageObject\",\"inLanguage\":\"fr-FR\",\"@id\":\"https:\\\/\\\/www.hrserv.ch\\\/fr\\\/hr-operations-outsourcing-payrolling\\\/payrolling\\\/#primaryimage\",\"url\":\"https:\\\/\\\/www.hrserv.ch\\\/wp-content\\\/uploads\\\/sites\\\/3\\\/2019\\\/10\\\/hr-operations.jpg\",\"contentUrl\":\"https:\\\/\\\/www.hrserv.ch\\\/wp-content\\\/uploads\\\/sites\\\/3\\\/2019\\\/10\\\/hr-operations.jpg\",\"width\":1199,\"height\":300},{\"@type\":\"BreadcrumbList\",\"@id\":\"https:\\\/\\\/www.hrserv.ch\\\/fr\\\/hr-operations-outsourcing-payrolling\\\/payrolling\\\/#breadcrumb\",\"itemListElement\":[{\"@type\":\"ListItem\",\"position\":1,\"name\":\"Home\",\"item\":\"https:\\\/\\\/www.hrserv.ch\\\/fr\\\/\"},{\"@type\":\"ListItem\",\"position\":2,\"name\":\"HR Operations \\\/ Outsourcing Payrolling\"}]},{\"@type\":\"WebSite\",\"@id\":\"https:\\\/\\\/www.hrserv.ch\\\/fr\\\/#website\",\"url\":\"https:\\\/\\\/www.hrserv.ch\\\/fr\\\/\",\"name\":\"HR Services\",\"description\":\"Professional - Cost-optimised - Quick\",\"publisher\":{\"@id\":\"https:\\\/\\\/www.hrserv.ch\\\/fr\\\/#organization\"},\"potentialAction\":[{\"@type\":\"SearchAction\",\"target\":{\"@type\":\"EntryPoint\",\"urlTemplate\":\"https:\\\/\\\/www.hrserv.ch\\\/fr\\\/?s={search_term_string}\"},\"query-input\":{\"@type\":\"PropertyValueSpecification\",\"valueRequired\":true,\"valueName\":\"search_term_string\"}}],\"inLanguage\":\"fr-FR\"},{\"@type\":\"Organization\",\"@id\":\"https:\\\/\\\/www.hrserv.ch\\\/fr\\\/#organization\",\"name\":\"HR Services\",\"url\":\"https:\\\/\\\/www.hrserv.ch\\\/fr\\\/\",\"logo\":{\"@type\":\"ImageObject\",\"inLanguage\":\"fr-FR\",\"@id\":\"https:\\\/\\\/www.hrserv.ch\\\/fr\\\/#\\\/schema\\\/logo\\\/image\\\/\",\"url\":\"https:\\\/\\\/www.hrserv.ch\\\/wp-content\\\/uploads\\\/sites\\\/3\\\/2019\\\/10\\\/logo-hr-services-1.png\",\"contentUrl\":\"https:\\\/\\\/www.hrserv.ch\\\/wp-content\\\/uploads\\\/sites\\\/3\\\/2019\\\/10\\\/logo-hr-services-1.png\",\"width\":400,\"height\":132,\"caption\":\"HR Services\"},\"image\":{\"@id\":\"https:\\\/\\\/www.hrserv.ch\\\/fr\\\/#\\\/schema\\\/logo\\\/image\\\/\"}}]}<\/script>\n<!-- \/ Yoast SEO plugin. -->","yoast_head_json":{"title":"Payrolling - HR Services","robots":{"index":"index","follow":"follow","max-snippet":"max-snippet:-1","max-image-preview":"max-image-preview:large","max-video-preview":"max-video-preview:-1"},"canonical":"https:\/\/www.hrserv.ch\/fr\/hr-operations-outsourcing-payrolling\/payrolling\/","og_locale":"fr_FR","og_type":"article","og_title":"Payrolling - HR Services","og_description":"Externalisation de l&rsquo;administration des salaires\u00a0\u00a0 L&rsquo;administration des salaires (payroll) devrait toujours \u00eatre effectu\u00e9e correctement et ponctuellement. En r\u00e8gle g\u00e9n\u00e9rale, le traitement des salaires ne fait pas partie des comp\u00e9tences cl\u00e9s d&rsquo;une PME. Les absences et les changements de personnel compliquent la gestion ponctuelle de la paie. En externalisant l&rsquo;administration des salaires, vous pouvez r\u00e9duire les [&hellip;]","og_url":"https:\/\/www.hrserv.ch\/fr\/hr-operations-outsourcing-payrolling\/payrolling\/","og_site_name":"HR Services","article_modified_time":"2024-11-13T01:24:43+00:00","og_image":[{"width":1199,"height":300,"url":"https:\/\/www.hrserv.ch\/wp-content\/uploads\/sites\/3\/2019\/10\/hr-operations.jpg","type":"image\/jpeg"}],"twitter_card":"summary_large_image","twitter_misc":{"Dur\u00e9e de lecture estim\u00e9e":"1 minute"},"schema":{"@context":"https:\/\/schema.org","@graph":[{"@type":"WebPage","@id":"https:\/\/www.hrserv.ch\/fr\/hr-operations-outsourcing-payrolling\/payrolling\/","url":"https:\/\/www.hrserv.ch\/fr\/hr-operations-outsourcing-payrolling\/payrolling\/","name":"Payrolling - HR Services","isPartOf":{"@id":"https:\/\/www.hrserv.ch\/fr\/#website"},"primaryImageOfPage":{"@id":"https:\/\/www.hrserv.ch\/fr\/hr-operations-outsourcing-payrolling\/payrolling\/#primaryimage"},"image":{"@id":"https:\/\/www.hrserv.ch\/fr\/hr-operations-outsourcing-payrolling\/payrolling\/#primaryimage"},"thumbnailUrl":"https:\/\/www.hrserv.ch\/wp-content\/uploads\/sites\/3\/2019\/10\/hr-operations.jpg","datePublished":"2024-11-12T10:02:19+00:00","dateModified":"2024-11-13T01:24:43+00:00","breadcrumb":{"@id":"https:\/\/www.hrserv.ch\/fr\/hr-operations-outsourcing-payrolling\/payrolling\/#breadcrumb"},"inLanguage":"fr-FR","potentialAction":[{"@type":"ReadAction","target":["https:\/\/www.hrserv.ch\/fr\/hr-operations-outsourcing-payrolling\/payrolling\/"]}]},{"@type":"ImageObject","inLanguage":"fr-FR","@id":"https:\/\/www.hrserv.ch\/fr\/hr-operations-outsourcing-payrolling\/payrolling\/#primaryimage","url":"https:\/\/www.hrserv.ch\/wp-content\/uploads\/sites\/3\/2019\/10\/hr-operations.jpg","contentUrl":"https:\/\/www.hrserv.ch\/wp-content\/uploads\/sites\/3\/2019\/10\/hr-operations.jpg","width":1199,"height":300},{"@type":"BreadcrumbList","@id":"https:\/\/www.hrserv.ch\/fr\/hr-operations-outsourcing-payrolling\/payrolling\/#breadcrumb","itemListElement":[{"@type":"ListItem","position":1,"name":"Home","item":"https:\/\/www.hrserv.ch\/fr\/"},{"@type":"ListItem","position":2,"name":"HR Operations \/ Outsourcing Payrolling"}]},{"@type":"WebSite","@id":"https:\/\/www.hrserv.ch\/fr\/#website","url":"https:\/\/www.hrserv.ch\/fr\/","name":"HR Services","description":"Professional - Cost-optimised - Quick","publisher":{"@id":"https:\/\/www.hrserv.ch\/fr\/#organization"},"potentialAction":[{"@type":"SearchAction","target":{"@type":"EntryPoint","urlTemplate":"https:\/\/www.hrserv.ch\/fr\/?s={search_term_string}"},"query-input":{"@type":"PropertyValueSpecification","valueRequired":true,"valueName":"search_term_string"}}],"inLanguage":"fr-FR"},{"@type":"Organization","@id":"https:\/\/www.hrserv.ch\/fr\/#organization","name":"HR Services","url":"https:\/\/www.hrserv.ch\/fr\/","logo":{"@type":"ImageObject","inLanguage":"fr-FR","@id":"https:\/\/www.hrserv.ch\/fr\/#\/schema\/logo\/image\/","url":"https:\/\/www.hrserv.ch\/wp-content\/uploads\/sites\/3\/2019\/10\/logo-hr-services-1.png","contentUrl":"https:\/\/www.hrserv.ch\/wp-content\/uploads\/sites\/3\/2019\/10\/logo-hr-services-1.png","width":400,"height":132,"caption":"HR Services"},"image":{"@id":"https:\/\/www.hrserv.ch\/fr\/#\/schema\/logo\/image\/"}}]}},"_links":{"self":[{"href":"https:\/\/www.hrserv.ch\/fr\/wp-json\/wp\/v2\/pages\/977","targetHints":{"allow":["GET"]}}],"collection":[{"href":"https:\/\/www.hrserv.ch\/fr\/wp-json\/wp\/v2\/pages"}],"about":[{"href":"https:\/\/www.hrserv.ch\/fr\/wp-json\/wp\/v2\/types\/page"}],"author":[{"embeddable":true,"href":"https:\/\/www.hrserv.ch\/fr\/wp-json\/wp\/v2\/users\/1"}],"replies":[{"embeddable":true,"href":"https:\/\/www.hrserv.ch\/fr\/wp-json\/wp\/v2\/comments?post=977"}],"version-history":[{"count":2,"href":"https:\/\/www.hrserv.ch\/fr\/wp-json\/wp\/v2\/pages\/977\/revisions"}],"predecessor-version":[{"id":1061,"href":"https:\/\/www.hrserv.ch\/fr\/wp-json\/wp\/v2\/pages\/977\/revisions\/1061"}],"up":[{"embeddable":true,"href":"https:\/\/www.hrserv.ch\/fr\/wp-json\/wp\/v2\/pages\/895"}],"wp:featuredmedia":[{"embeddable":true,"href":"https:\/\/www.hrserv.ch\/fr\/wp-json\/wp\/v2\/media\/904"}],"wp:attachment":[{"href":"https:\/\/www.hrserv.ch\/fr\/wp-json\/wp\/v2\/media?parent=977"}],"curies":[{"name":"wp","href":"https:\/\/api.w.org\/{rel}","templated":true}]}}