{"id":990,"date":"2024-11-12T10:04:32","date_gmt":"2024-11-12T10:04:32","guid":{"rendered":"https:\/\/hrserv.ch\/?page_id=990"},"modified":"2025-01-13T09:47:21","modified_gmt":"2025-01-13T09:47:21","slug":"validated-selection","status":"publish","type":"page","link":"https:\/\/www.hrserv.ch\/fr\/recruiting-factory\/validated-selection\/","title":{"rendered":"S\u00e9lection valid\u00e9e"},"content":{"rendered":"\n<h2 class=\"wp-block-heading\">Des d\u00e9cisions de s\u00e9lection s\u00fbres et valides\u00a0<\/h2>\n\n\n\n<p>Nos outils valid\u00e9s vous permettent de prendre des d\u00e9cisions de s\u00e9lection plus s\u00fbres. En commen\u00e7ant par l&rsquo;analyse des exigences et l&rsquo;enregistrement d&rsquo;un profil de r\u00e9ussite, nous recherchons un candidat ad\u00e9quat sur la base des profils de personnalit\u00e9 identifi\u00e9s. Ce matching valid\u00e9 des profils vous donne une s\u00e9curit\u00e9 suppl\u00e9mentaire sur la voie d&rsquo;une occupation optimale du poste vacant.\u00a0<\/p>\n","protected":false},"excerpt":{"rendered":"<p>Des d\u00e9cisions de s\u00e9lection s\u00fbres et valides\u00a0 Nos outils valid\u00e9s vous permettent de prendre des d\u00e9cisions de s\u00e9lection plus s\u00fbres. En commen\u00e7ant par l&rsquo;analyse des exigences et l&rsquo;enregistrement d&rsquo;un profil de r\u00e9ussite, nous recherchons un candidat ad\u00e9quat sur la base des profils de personnalit\u00e9 identifi\u00e9s. Ce matching valid\u00e9 des profils vous donne une s\u00e9curit\u00e9 suppl\u00e9mentaire [&hellip;]<\/p>\n","protected":false},"author":1,"featured_media":899,"parent":894,"menu_order":9,"comment_status":"closed","ping_status":"closed","template":"","meta":{"_acf_changed":false,"footnotes":""},"class_list":["post-990","page","type-page","status-publish","has-post-thumbnail","hentry"],"acf":[],"yoast_head":"<!-- This site is optimized with the Yoast SEO plugin v27.4 - https:\/\/yoast.com\/product\/yoast-seo-wordpress\/ -->\n<title>S\u00e9lection valid\u00e9e - HR Services<\/title>\n<meta name=\"robots\" content=\"index, follow, max-snippet:-1, max-image-preview:large, max-video-preview:-1\" \/>\n<link rel=\"canonical\" href=\"https:\/\/www.hrserv.ch\/fr\/recruiting-factory\/validated-selection\/\" \/>\n<meta property=\"og:locale\" content=\"fr_FR\" \/>\n<meta property=\"og:type\" content=\"article\" \/>\n<meta property=\"og:title\" content=\"S\u00e9lection valid\u00e9e - HR Services\" \/>\n<meta property=\"og:description\" content=\"Des d\u00e9cisions de s\u00e9lection s\u00fbres et valides\u00a0 Nos outils valid\u00e9s vous permettent de prendre des d\u00e9cisions de s\u00e9lection plus s\u00fbres. En commen\u00e7ant par l&rsquo;analyse des exigences et l&rsquo;enregistrement d&rsquo;un profil de r\u00e9ussite, nous recherchons un candidat ad\u00e9quat sur la base des profils de personnalit\u00e9 identifi\u00e9s. Ce matching valid\u00e9 des profils vous donne une s\u00e9curit\u00e9 suppl\u00e9mentaire [&hellip;]\" \/>\n<meta property=\"og:url\" content=\"https:\/\/www.hrserv.ch\/fr\/recruiting-factory\/validated-selection\/\" \/>\n<meta property=\"og:site_name\" content=\"HR Services\" \/>\n<meta property=\"article:modified_time\" content=\"2025-01-13T09:47:21+00:00\" \/>\n<meta property=\"og:image\" content=\"https:\/\/www.hrserv.ch\/wp-content\/uploads\/sites\/3\/2019\/10\/challanges.jpg\" \/>\n\t<meta property=\"og:image:width\" content=\"1199\" \/>\n\t<meta property=\"og:image:height\" content=\"300\" \/>\n\t<meta property=\"og:image:type\" content=\"image\/jpeg\" \/>\n<meta name=\"twitter:card\" content=\"summary_large_image\" \/>\n<meta name=\"twitter:label1\" content=\"Dur\u00e9e de lecture estim\u00e9e\" \/>\n\t<meta name=\"twitter:data1\" content=\"1 minute\" \/>\n<script type=\"application\/ld+json\" class=\"yoast-schema-graph\">{\"@context\":\"https:\\\/\\\/schema.org\",\"@graph\":[{\"@type\":\"WebPage\",\"@id\":\"https:\\\/\\\/www.hrserv.ch\\\/fr\\\/recruiting-factory\\\/validated-selection\\\/\",\"url\":\"https:\\\/\\\/www.hrserv.ch\\\/fr\\\/recruiting-factory\\\/validated-selection\\\/\",\"name\":\"S\u00e9lection valid\u00e9e - HR Services\",\"isPartOf\":{\"@id\":\"https:\\\/\\\/www.hrserv.ch\\\/fr\\\/#website\"},\"primaryImageOfPage\":{\"@id\":\"https:\\\/\\\/www.hrserv.ch\\\/fr\\\/recruiting-factory\\\/validated-selection\\\/#primaryimage\"},\"image\":{\"@id\":\"https:\\\/\\\/www.hrserv.ch\\\/fr\\\/recruiting-factory\\\/validated-selection\\\/#primaryimage\"},\"thumbnailUrl\":\"https:\\\/\\\/www.hrserv.ch\\\/wp-content\\\/uploads\\\/sites\\\/3\\\/2019\\\/10\\\/challanges.jpg\",\"datePublished\":\"2024-11-12T10:04:32+00:00\",\"dateModified\":\"2025-01-13T09:47:21+00:00\",\"breadcrumb\":{\"@id\":\"https:\\\/\\\/www.hrserv.ch\\\/fr\\\/recruiting-factory\\\/validated-selection\\\/#breadcrumb\"},\"inLanguage\":\"fr-FR\",\"potentialAction\":[{\"@type\":\"ReadAction\",\"target\":[\"https:\\\/\\\/www.hrserv.ch\\\/fr\\\/recruiting-factory\\\/validated-selection\\\/\"]}]},{\"@type\":\"ImageObject\",\"inLanguage\":\"fr-FR\",\"@id\":\"https:\\\/\\\/www.hrserv.ch\\\/fr\\\/recruiting-factory\\\/validated-selection\\\/#primaryimage\",\"url\":\"https:\\\/\\\/www.hrserv.ch\\\/wp-content\\\/uploads\\\/sites\\\/3\\\/2019\\\/10\\\/challanges.jpg\",\"contentUrl\":\"https:\\\/\\\/www.hrserv.ch\\\/wp-content\\\/uploads\\\/sites\\\/3\\\/2019\\\/10\\\/challanges.jpg\",\"width\":1199,\"height\":300},{\"@type\":\"BreadcrumbList\",\"@id\":\"https:\\\/\\\/www.hrserv.ch\\\/fr\\\/recruiting-factory\\\/validated-selection\\\/#breadcrumb\",\"itemListElement\":[{\"@type\":\"ListItem\",\"position\":1,\"name\":\"Home\",\"item\":\"https:\\\/\\\/www.hrserv.ch\\\/fr\\\/\"},{\"@type\":\"ListItem\",\"position\":2,\"name\":\"Le proc\u00e8s\"}]},{\"@type\":\"WebSite\",\"@id\":\"https:\\\/\\\/www.hrserv.ch\\\/fr\\\/#website\",\"url\":\"https:\\\/\\\/www.hrserv.ch\\\/fr\\\/\",\"name\":\"HR Services\",\"description\":\"Professional - Cost-optimised - Quick\",\"publisher\":{\"@id\":\"https:\\\/\\\/www.hrserv.ch\\\/fr\\\/#organization\"},\"potentialAction\":[{\"@type\":\"SearchAction\",\"target\":{\"@type\":\"EntryPoint\",\"urlTemplate\":\"https:\\\/\\\/www.hrserv.ch\\\/fr\\\/?s={search_term_string}\"},\"query-input\":{\"@type\":\"PropertyValueSpecification\",\"valueRequired\":true,\"valueName\":\"search_term_string\"}}],\"inLanguage\":\"fr-FR\"},{\"@type\":\"Organization\",\"@id\":\"https:\\\/\\\/www.hrserv.ch\\\/fr\\\/#organization\",\"name\":\"HR Services\",\"url\":\"https:\\\/\\\/www.hrserv.ch\\\/fr\\\/\",\"logo\":{\"@type\":\"ImageObject\",\"inLanguage\":\"fr-FR\",\"@id\":\"https:\\\/\\\/www.hrserv.ch\\\/fr\\\/#\\\/schema\\\/logo\\\/image\\\/\",\"url\":\"https:\\\/\\\/www.hrserv.ch\\\/wp-content\\\/uploads\\\/sites\\\/3\\\/2019\\\/10\\\/logo-hr-services-1.png\",\"contentUrl\":\"https:\\\/\\\/www.hrserv.ch\\\/wp-content\\\/uploads\\\/sites\\\/3\\\/2019\\\/10\\\/logo-hr-services-1.png\",\"width\":400,\"height\":132,\"caption\":\"HR Services\"},\"image\":{\"@id\":\"https:\\\/\\\/www.hrserv.ch\\\/fr\\\/#\\\/schema\\\/logo\\\/image\\\/\"}}]}<\/script>\n<!-- \/ Yoast SEO plugin. -->","yoast_head_json":{"title":"S\u00e9lection valid\u00e9e - HR Services","robots":{"index":"index","follow":"follow","max-snippet":"max-snippet:-1","max-image-preview":"max-image-preview:large","max-video-preview":"max-video-preview:-1"},"canonical":"https:\/\/www.hrserv.ch\/fr\/recruiting-factory\/validated-selection\/","og_locale":"fr_FR","og_type":"article","og_title":"S\u00e9lection valid\u00e9e - HR Services","og_description":"Des d\u00e9cisions de s\u00e9lection s\u00fbres et valides\u00a0 Nos outils valid\u00e9s vous permettent de prendre des d\u00e9cisions de s\u00e9lection plus s\u00fbres. En commen\u00e7ant par l&rsquo;analyse des exigences et l&rsquo;enregistrement d&rsquo;un profil de r\u00e9ussite, nous recherchons un candidat ad\u00e9quat sur la base des profils de personnalit\u00e9 identifi\u00e9s. Ce matching valid\u00e9 des profils vous donne une s\u00e9curit\u00e9 suppl\u00e9mentaire [&hellip;]","og_url":"https:\/\/www.hrserv.ch\/fr\/recruiting-factory\/validated-selection\/","og_site_name":"HR Services","article_modified_time":"2025-01-13T09:47:21+00:00","og_image":[{"width":1199,"height":300,"url":"https:\/\/www.hrserv.ch\/wp-content\/uploads\/sites\/3\/2019\/10\/challanges.jpg","type":"image\/jpeg"}],"twitter_card":"summary_large_image","twitter_misc":{"Dur\u00e9e de lecture estim\u00e9e":"1 minute"},"schema":{"@context":"https:\/\/schema.org","@graph":[{"@type":"WebPage","@id":"https:\/\/www.hrserv.ch\/fr\/recruiting-factory\/validated-selection\/","url":"https:\/\/www.hrserv.ch\/fr\/recruiting-factory\/validated-selection\/","name":"S\u00e9lection valid\u00e9e - HR Services","isPartOf":{"@id":"https:\/\/www.hrserv.ch\/fr\/#website"},"primaryImageOfPage":{"@id":"https:\/\/www.hrserv.ch\/fr\/recruiting-factory\/validated-selection\/#primaryimage"},"image":{"@id":"https:\/\/www.hrserv.ch\/fr\/recruiting-factory\/validated-selection\/#primaryimage"},"thumbnailUrl":"https:\/\/www.hrserv.ch\/wp-content\/uploads\/sites\/3\/2019\/10\/challanges.jpg","datePublished":"2024-11-12T10:04:32+00:00","dateModified":"2025-01-13T09:47:21+00:00","breadcrumb":{"@id":"https:\/\/www.hrserv.ch\/fr\/recruiting-factory\/validated-selection\/#breadcrumb"},"inLanguage":"fr-FR","potentialAction":[{"@type":"ReadAction","target":["https:\/\/www.hrserv.ch\/fr\/recruiting-factory\/validated-selection\/"]}]},{"@type":"ImageObject","inLanguage":"fr-FR","@id":"https:\/\/www.hrserv.ch\/fr\/recruiting-factory\/validated-selection\/#primaryimage","url":"https:\/\/www.hrserv.ch\/wp-content\/uploads\/sites\/3\/2019\/10\/challanges.jpg","contentUrl":"https:\/\/www.hrserv.ch\/wp-content\/uploads\/sites\/3\/2019\/10\/challanges.jpg","width":1199,"height":300},{"@type":"BreadcrumbList","@id":"https:\/\/www.hrserv.ch\/fr\/recruiting-factory\/validated-selection\/#breadcrumb","itemListElement":[{"@type":"ListItem","position":1,"name":"Home","item":"https:\/\/www.hrserv.ch\/fr\/"},{"@type":"ListItem","position":2,"name":"Le proc\u00e8s"}]},{"@type":"WebSite","@id":"https:\/\/www.hrserv.ch\/fr\/#website","url":"https:\/\/www.hrserv.ch\/fr\/","name":"HR Services","description":"Professional - Cost-optimised - Quick","publisher":{"@id":"https:\/\/www.hrserv.ch\/fr\/#organization"},"potentialAction":[{"@type":"SearchAction","target":{"@type":"EntryPoint","urlTemplate":"https:\/\/www.hrserv.ch\/fr\/?s={search_term_string}"},"query-input":{"@type":"PropertyValueSpecification","valueRequired":true,"valueName":"search_term_string"}}],"inLanguage":"fr-FR"},{"@type":"Organization","@id":"https:\/\/www.hrserv.ch\/fr\/#organization","name":"HR Services","url":"https:\/\/www.hrserv.ch\/fr\/","logo":{"@type":"ImageObject","inLanguage":"fr-FR","@id":"https:\/\/www.hrserv.ch\/fr\/#\/schema\/logo\/image\/","url":"https:\/\/www.hrserv.ch\/wp-content\/uploads\/sites\/3\/2019\/10\/logo-hr-services-1.png","contentUrl":"https:\/\/www.hrserv.ch\/wp-content\/uploads\/sites\/3\/2019\/10\/logo-hr-services-1.png","width":400,"height":132,"caption":"HR Services"},"image":{"@id":"https:\/\/www.hrserv.ch\/fr\/#\/schema\/logo\/image\/"}}]}},"_links":{"self":[{"href":"https:\/\/www.hrserv.ch\/fr\/wp-json\/wp\/v2\/pages\/990","targetHints":{"allow":["GET"]}}],"collection":[{"href":"https:\/\/www.hrserv.ch\/fr\/wp-json\/wp\/v2\/pages"}],"about":[{"href":"https:\/\/www.hrserv.ch\/fr\/wp-json\/wp\/v2\/types\/page"}],"author":[{"embeddable":true,"href":"https:\/\/www.hrserv.ch\/fr\/wp-json\/wp\/v2\/users\/1"}],"replies":[{"embeddable":true,"href":"https:\/\/www.hrserv.ch\/fr\/wp-json\/wp\/v2\/comments?post=990"}],"version-history":[{"count":3,"href":"https:\/\/www.hrserv.ch\/fr\/wp-json\/wp\/v2\/pages\/990\/revisions"}],"predecessor-version":[{"id":1175,"href":"https:\/\/www.hrserv.ch\/fr\/wp-json\/wp\/v2\/pages\/990\/revisions\/1175"}],"up":[{"embeddable":true,"href":"https:\/\/www.hrserv.ch\/fr\/wp-json\/wp\/v2\/pages\/894"}],"wp:featuredmedia":[{"embeddable":true,"href":"https:\/\/www.hrserv.ch\/fr\/wp-json\/wp\/v2\/media\/899"}],"wp:attachment":[{"href":"https:\/\/www.hrserv.ch\/fr\/wp-json\/wp\/v2\/media?parent=990"}],"curies":[{"name":"wp","href":"https:\/\/api.w.org\/{rel}","templated":true}]}}