{"id":992,"date":"2024-11-12T10:05:12","date_gmt":"2024-11-12T10:05:12","guid":{"rendered":"https:\/\/hrserv.ch\/?page_id=992"},"modified":"2024-11-12T11:11:54","modified_gmt":"2024-11-12T11:11:54","slug":"multichannel-recruiting","status":"publish","type":"page","link":"https:\/\/www.hrserv.ch\/fr\/recruiting-factory\/multichannel-recruiting\/","title":{"rendered":"Multichannel Recruiting"},"content":{"rendered":"\n<h2 class=\"wp-block-heading\">Le succ\u00e8s du recrutement gr\u00e2ce au recrutement multicanal\u00a0\u00a0<\/h2>\n\n\n\n<p>Les habitudes et les m\u00e9thodes des gens changent constamment. Hier, on cherchait dans les m\u00e9dias imprim\u00e9s, aujourd&rsquo;hui, de nombreux canaux de recherche sont disponibles. Les r\u00e9seaux sociaux, encore insignifiants il y a quelques ann\u00e9es, prennent de plus en plus d&rsquo;importance. Pour entrer en contact avec les personnes souhait\u00e9es, les experts en recrutement doivent \u00e9voluer sur les bons r\u00e9seaux sociaux et trouver les canaux adapt\u00e9s au projet. Qu&rsquo;il s&rsquo;agisse des m\u00e9dias sociaux, de la recherche directe, de la presse \u00e9crite ou en ligne, nous recherchons pour vous des personnes cibles ad\u00e9quates dans des canaux s\u00e9lectionn\u00e9s. Notre recrutement multicanal moderne est optimis\u00e9 en termes de co\u00fbts, flexible et efficace.\u00a0<\/p>\n","protected":false},"excerpt":{"rendered":"<p>Le succ\u00e8s du recrutement gr\u00e2ce au recrutement multicanal\u00a0\u00a0 Les habitudes et les m\u00e9thodes des gens changent constamment. Hier, on cherchait dans les m\u00e9dias imprim\u00e9s, aujourd&rsquo;hui, de nombreux canaux de recherche sont disponibles. Les r\u00e9seaux sociaux, encore insignifiants il y a quelques ann\u00e9es, prennent de plus en plus d&rsquo;importance. Pour entrer en contact avec les personnes [&hellip;]<\/p>\n","protected":false},"author":1,"featured_media":899,"parent":894,"menu_order":7,"comment_status":"closed","ping_status":"closed","template":"","meta":{"_acf_changed":false,"footnotes":""},"class_list":["post-992","page","type-page","status-publish","has-post-thumbnail","hentry"],"acf":[],"yoast_head":"<!-- This site is optimized with the Yoast SEO plugin v27.4 - https:\/\/yoast.com\/product\/yoast-seo-wordpress\/ -->\n<title>Multichannel Recruiting - HR Services<\/title>\n<meta name=\"robots\" content=\"index, follow, max-snippet:-1, max-image-preview:large, max-video-preview:-1\" \/>\n<link rel=\"canonical\" href=\"https:\/\/www.hrserv.ch\/fr\/recruiting-factory\/multichannel-recruiting\/\" \/>\n<meta property=\"og:locale\" content=\"fr_FR\" \/>\n<meta property=\"og:type\" content=\"article\" \/>\n<meta property=\"og:title\" content=\"Multichannel Recruiting - HR Services\" \/>\n<meta property=\"og:description\" content=\"Le succ\u00e8s du recrutement gr\u00e2ce au recrutement multicanal\u00a0\u00a0 Les habitudes et les m\u00e9thodes des gens changent constamment. Hier, on cherchait dans les m\u00e9dias imprim\u00e9s, aujourd&rsquo;hui, de nombreux canaux de recherche sont disponibles. Les r\u00e9seaux sociaux, encore insignifiants il y a quelques ann\u00e9es, prennent de plus en plus d&rsquo;importance. Pour entrer en contact avec les personnes [&hellip;]\" \/>\n<meta property=\"og:url\" content=\"https:\/\/www.hrserv.ch\/fr\/recruiting-factory\/multichannel-recruiting\/\" \/>\n<meta property=\"og:site_name\" content=\"HR Services\" \/>\n<meta property=\"article:modified_time\" content=\"2024-11-12T11:11:54+00:00\" \/>\n<meta property=\"og:image\" content=\"https:\/\/www.hrserv.ch\/wp-content\/uploads\/sites\/3\/2019\/10\/challanges.jpg\" \/>\n\t<meta property=\"og:image:width\" content=\"1199\" \/>\n\t<meta property=\"og:image:height\" content=\"300\" \/>\n\t<meta property=\"og:image:type\" content=\"image\/jpeg\" \/>\n<meta name=\"twitter:card\" content=\"summary_large_image\" \/>\n<meta name=\"twitter:label1\" content=\"Dur\u00e9e de lecture estim\u00e9e\" \/>\n\t<meta name=\"twitter:data1\" content=\"1 minute\" \/>\n<script type=\"application\/ld+json\" class=\"yoast-schema-graph\">{\"@context\":\"https:\\\/\\\/schema.org\",\"@graph\":[{\"@type\":\"WebPage\",\"@id\":\"https:\\\/\\\/www.hrserv.ch\\\/fr\\\/recruiting-factory\\\/multichannel-recruiting\\\/\",\"url\":\"https:\\\/\\\/www.hrserv.ch\\\/fr\\\/recruiting-factory\\\/multichannel-recruiting\\\/\",\"name\":\"Multichannel Recruiting - HR Services\",\"isPartOf\":{\"@id\":\"https:\\\/\\\/www.hrserv.ch\\\/fr\\\/#website\"},\"primaryImageOfPage\":{\"@id\":\"https:\\\/\\\/www.hrserv.ch\\\/fr\\\/recruiting-factory\\\/multichannel-recruiting\\\/#primaryimage\"},\"image\":{\"@id\":\"https:\\\/\\\/www.hrserv.ch\\\/fr\\\/recruiting-factory\\\/multichannel-recruiting\\\/#primaryimage\"},\"thumbnailUrl\":\"https:\\\/\\\/www.hrserv.ch\\\/wp-content\\\/uploads\\\/sites\\\/3\\\/2019\\\/10\\\/challanges.jpg\",\"datePublished\":\"2024-11-12T10:05:12+00:00\",\"dateModified\":\"2024-11-12T11:11:54+00:00\",\"breadcrumb\":{\"@id\":\"https:\\\/\\\/www.hrserv.ch\\\/fr\\\/recruiting-factory\\\/multichannel-recruiting\\\/#breadcrumb\"},\"inLanguage\":\"fr-FR\",\"potentialAction\":[{\"@type\":\"ReadAction\",\"target\":[\"https:\\\/\\\/www.hrserv.ch\\\/fr\\\/recruiting-factory\\\/multichannel-recruiting\\\/\"]}]},{\"@type\":\"ImageObject\",\"inLanguage\":\"fr-FR\",\"@id\":\"https:\\\/\\\/www.hrserv.ch\\\/fr\\\/recruiting-factory\\\/multichannel-recruiting\\\/#primaryimage\",\"url\":\"https:\\\/\\\/www.hrserv.ch\\\/wp-content\\\/uploads\\\/sites\\\/3\\\/2019\\\/10\\\/challanges.jpg\",\"contentUrl\":\"https:\\\/\\\/www.hrserv.ch\\\/wp-content\\\/uploads\\\/sites\\\/3\\\/2019\\\/10\\\/challanges.jpg\",\"width\":1199,\"height\":300},{\"@type\":\"BreadcrumbList\",\"@id\":\"https:\\\/\\\/www.hrserv.ch\\\/fr\\\/recruiting-factory\\\/multichannel-recruiting\\\/#breadcrumb\",\"itemListElement\":[{\"@type\":\"ListItem\",\"position\":1,\"name\":\"Home\",\"item\":\"https:\\\/\\\/www.hrserv.ch\\\/fr\\\/\"},{\"@type\":\"ListItem\",\"position\":2,\"name\":\"Le proc\u00e8s\"}]},{\"@type\":\"WebSite\",\"@id\":\"https:\\\/\\\/www.hrserv.ch\\\/fr\\\/#website\",\"url\":\"https:\\\/\\\/www.hrserv.ch\\\/fr\\\/\",\"name\":\"HR Services\",\"description\":\"Professional - Cost-optimised - Quick\",\"publisher\":{\"@id\":\"https:\\\/\\\/www.hrserv.ch\\\/fr\\\/#organization\"},\"potentialAction\":[{\"@type\":\"SearchAction\",\"target\":{\"@type\":\"EntryPoint\",\"urlTemplate\":\"https:\\\/\\\/www.hrserv.ch\\\/fr\\\/?s={search_term_string}\"},\"query-input\":{\"@type\":\"PropertyValueSpecification\",\"valueRequired\":true,\"valueName\":\"search_term_string\"}}],\"inLanguage\":\"fr-FR\"},{\"@type\":\"Organization\",\"@id\":\"https:\\\/\\\/www.hrserv.ch\\\/fr\\\/#organization\",\"name\":\"HR Services\",\"url\":\"https:\\\/\\\/www.hrserv.ch\\\/fr\\\/\",\"logo\":{\"@type\":\"ImageObject\",\"inLanguage\":\"fr-FR\",\"@id\":\"https:\\\/\\\/www.hrserv.ch\\\/fr\\\/#\\\/schema\\\/logo\\\/image\\\/\",\"url\":\"https:\\\/\\\/www.hrserv.ch\\\/wp-content\\\/uploads\\\/sites\\\/3\\\/2019\\\/10\\\/logo-hr-services-1.png\",\"contentUrl\":\"https:\\\/\\\/www.hrserv.ch\\\/wp-content\\\/uploads\\\/sites\\\/3\\\/2019\\\/10\\\/logo-hr-services-1.png\",\"width\":400,\"height\":132,\"caption\":\"HR Services\"},\"image\":{\"@id\":\"https:\\\/\\\/www.hrserv.ch\\\/fr\\\/#\\\/schema\\\/logo\\\/image\\\/\"}}]}<\/script>\n<!-- \/ Yoast SEO plugin. -->","yoast_head_json":{"title":"Multichannel Recruiting - HR Services","robots":{"index":"index","follow":"follow","max-snippet":"max-snippet:-1","max-image-preview":"max-image-preview:large","max-video-preview":"max-video-preview:-1"},"canonical":"https:\/\/www.hrserv.ch\/fr\/recruiting-factory\/multichannel-recruiting\/","og_locale":"fr_FR","og_type":"article","og_title":"Multichannel Recruiting - HR Services","og_description":"Le succ\u00e8s du recrutement gr\u00e2ce au recrutement multicanal\u00a0\u00a0 Les habitudes et les m\u00e9thodes des gens changent constamment. Hier, on cherchait dans les m\u00e9dias imprim\u00e9s, aujourd&rsquo;hui, de nombreux canaux de recherche sont disponibles. Les r\u00e9seaux sociaux, encore insignifiants il y a quelques ann\u00e9es, prennent de plus en plus d&rsquo;importance. Pour entrer en contact avec les personnes [&hellip;]","og_url":"https:\/\/www.hrserv.ch\/fr\/recruiting-factory\/multichannel-recruiting\/","og_site_name":"HR Services","article_modified_time":"2024-11-12T11:11:54+00:00","og_image":[{"width":1199,"height":300,"url":"https:\/\/www.hrserv.ch\/wp-content\/uploads\/sites\/3\/2019\/10\/challanges.jpg","type":"image\/jpeg"}],"twitter_card":"summary_large_image","twitter_misc":{"Dur\u00e9e de lecture estim\u00e9e":"1 minute"},"schema":{"@context":"https:\/\/schema.org","@graph":[{"@type":"WebPage","@id":"https:\/\/www.hrserv.ch\/fr\/recruiting-factory\/multichannel-recruiting\/","url":"https:\/\/www.hrserv.ch\/fr\/recruiting-factory\/multichannel-recruiting\/","name":"Multichannel Recruiting - HR Services","isPartOf":{"@id":"https:\/\/www.hrserv.ch\/fr\/#website"},"primaryImageOfPage":{"@id":"https:\/\/www.hrserv.ch\/fr\/recruiting-factory\/multichannel-recruiting\/#primaryimage"},"image":{"@id":"https:\/\/www.hrserv.ch\/fr\/recruiting-factory\/multichannel-recruiting\/#primaryimage"},"thumbnailUrl":"https:\/\/www.hrserv.ch\/wp-content\/uploads\/sites\/3\/2019\/10\/challanges.jpg","datePublished":"2024-11-12T10:05:12+00:00","dateModified":"2024-11-12T11:11:54+00:00","breadcrumb":{"@id":"https:\/\/www.hrserv.ch\/fr\/recruiting-factory\/multichannel-recruiting\/#breadcrumb"},"inLanguage":"fr-FR","potentialAction":[{"@type":"ReadAction","target":["https:\/\/www.hrserv.ch\/fr\/recruiting-factory\/multichannel-recruiting\/"]}]},{"@type":"ImageObject","inLanguage":"fr-FR","@id":"https:\/\/www.hrserv.ch\/fr\/recruiting-factory\/multichannel-recruiting\/#primaryimage","url":"https:\/\/www.hrserv.ch\/wp-content\/uploads\/sites\/3\/2019\/10\/challanges.jpg","contentUrl":"https:\/\/www.hrserv.ch\/wp-content\/uploads\/sites\/3\/2019\/10\/challanges.jpg","width":1199,"height":300},{"@type":"BreadcrumbList","@id":"https:\/\/www.hrserv.ch\/fr\/recruiting-factory\/multichannel-recruiting\/#breadcrumb","itemListElement":[{"@type":"ListItem","position":1,"name":"Home","item":"https:\/\/www.hrserv.ch\/fr\/"},{"@type":"ListItem","position":2,"name":"Le proc\u00e8s"}]},{"@type":"WebSite","@id":"https:\/\/www.hrserv.ch\/fr\/#website","url":"https:\/\/www.hrserv.ch\/fr\/","name":"HR Services","description":"Professional - Cost-optimised - Quick","publisher":{"@id":"https:\/\/www.hrserv.ch\/fr\/#organization"},"potentialAction":[{"@type":"SearchAction","target":{"@type":"EntryPoint","urlTemplate":"https:\/\/www.hrserv.ch\/fr\/?s={search_term_string}"},"query-input":{"@type":"PropertyValueSpecification","valueRequired":true,"valueName":"search_term_string"}}],"inLanguage":"fr-FR"},{"@type":"Organization","@id":"https:\/\/www.hrserv.ch\/fr\/#organization","name":"HR Services","url":"https:\/\/www.hrserv.ch\/fr\/","logo":{"@type":"ImageObject","inLanguage":"fr-FR","@id":"https:\/\/www.hrserv.ch\/fr\/#\/schema\/logo\/image\/","url":"https:\/\/www.hrserv.ch\/wp-content\/uploads\/sites\/3\/2019\/10\/logo-hr-services-1.png","contentUrl":"https:\/\/www.hrserv.ch\/wp-content\/uploads\/sites\/3\/2019\/10\/logo-hr-services-1.png","width":400,"height":132,"caption":"HR Services"},"image":{"@id":"https:\/\/www.hrserv.ch\/fr\/#\/schema\/logo\/image\/"}}]}},"_links":{"self":[{"href":"https:\/\/www.hrserv.ch\/fr\/wp-json\/wp\/v2\/pages\/992","targetHints":{"allow":["GET"]}}],"collection":[{"href":"https:\/\/www.hrserv.ch\/fr\/wp-json\/wp\/v2\/pages"}],"about":[{"href":"https:\/\/www.hrserv.ch\/fr\/wp-json\/wp\/v2\/types\/page"}],"author":[{"embeddable":true,"href":"https:\/\/www.hrserv.ch\/fr\/wp-json\/wp\/v2\/users\/1"}],"replies":[{"embeddable":true,"href":"https:\/\/www.hrserv.ch\/fr\/wp-json\/wp\/v2\/comments?post=992"}],"version-history":[{"count":2,"href":"https:\/\/www.hrserv.ch\/fr\/wp-json\/wp\/v2\/pages\/992\/revisions"}],"predecessor-version":[{"id":1050,"href":"https:\/\/www.hrserv.ch\/fr\/wp-json\/wp\/v2\/pages\/992\/revisions\/1050"}],"up":[{"embeddable":true,"href":"https:\/\/www.hrserv.ch\/fr\/wp-json\/wp\/v2\/pages\/894"}],"wp:featuredmedia":[{"embeddable":true,"href":"https:\/\/www.hrserv.ch\/fr\/wp-json\/wp\/v2\/media\/899"}],"wp:attachment":[{"href":"https:\/\/www.hrserv.ch\/fr\/wp-json\/wp\/v2\/media?parent=992"}],"curies":[{"name":"wp","href":"https:\/\/api.w.org\/{rel}","templated":true}]}}