{"id":993,"date":"2024-11-12T10:05:29","date_gmt":"2024-11-12T10:05:29","guid":{"rendered":"https:\/\/hrserv.ch\/?page_id=993"},"modified":"2025-01-23T10:05:08","modified_gmt":"2025-01-23T10:05:08","slug":"national-international","status":"publish","type":"page","link":"https:\/\/www.hrserv.ch\/fr\/recruiting-factory\/national-international\/","title":{"rendered":"National \/ International"},"content":{"rendered":"\n<h2 class=\"wp-block-heading\">Un ancrage local et un r\u00e9seau international&nbsp;&nbsp;<\/h2>\n\n\n\n<p>Nous sommes actifs sur le march\u00e9 suisse depuis 25 ans et y sommes tr\u00e8s fortement ancr\u00e9s. De plus, nous faisons partie du r\u00e9seau IIC Partners et pouvons \u00e9galement acc\u00e9der pour vous \u00e0 des ressources internationales. Depuis plus de 25 ans, IIC Partners est leader dans le domaine de l&rsquo;Executive Search. Avec 54 entreprises ind\u00e9pendantes dans 38 pays, le r\u00e9seau fait partie des dix entreprises de recherche globale les plus importantes en termes de chiffre d&rsquo;affaires.&nbsp;<\/p>\n\n\n\n<div class=\"wp-block-image\"><figure class=\"\"><a href=\"https:\/\/iicpartners.com\/\"><img loading=\"lazy\" decoding=\"async\" width=\"420\" height=\"203\" src=\"https:\/\/hrserv.ch\/wp-content\/uploads\/sites\/3\/2019\/09\/Vendis_Maps_iic_f4eae68167.jpg\" alt=\"\" class=\"wp-image-37\" srcset=\"https:\/\/www.hrserv.ch\/wp-content\/uploads\/sites\/3\/2019\/09\/Vendis_Maps_iic_f4eae68167.jpg 420w, https:\/\/www.hrserv.ch\/wp-content\/uploads\/sites\/3\/2019\/09\/Vendis_Maps_iic_f4eae68167-300x145.jpg 300w\" sizes=\"auto, (max-width: 420px) 100vw, 420px\" \/><\/a><\/figure><\/div>\n<br>\n\n\n\n<p>Gr\u00e2ce \u00e0 notre r\u00e9seau mondial, nous vous aidons \u00e0 r\u00e9soudre vos probl\u00e8mes internationaux. D&rsquo;une part dans le cadre de la cr\u00e9ation de succursales suisses, d&rsquo;autre part dans le domaine du recrutement et de l&rsquo;encadrement d&rsquo;expatri\u00e9s :&nbsp;&nbsp;<\/p>\n\n\n\n<ul class=\"wp-block-list\">\n<li>Th\u00e8mes fiscaux&nbsp;&nbsp;<\/li>\n\n\n\n<li>Questions juridiques&nbsp;&nbsp;<\/li>\n\n\n\n<li>Centre de services partag\u00e9s&nbsp;&nbsp;<\/li>\n\n\n\n<li>\u00c9tudes de site&nbsp;&nbsp;<\/li>\n\n\n\n<li>Fusions &amp; acquisitions&nbsp;<\/li>\n<\/ul>\n","protected":false},"excerpt":{"rendered":"<p>Un ancrage local et un r\u00e9seau international&nbsp;&nbsp; Nous sommes actifs sur le march\u00e9 suisse depuis 25 ans et y sommes tr\u00e8s fortement ancr\u00e9s. De plus, nous faisons partie du r\u00e9seau IIC Partners et pouvons \u00e9galement acc\u00e9der pour vous \u00e0 des ressources internationales. Depuis plus de 25 ans, IIC Partners est leader dans le domaine de [&hellip;]<\/p>\n","protected":false},"author":1,"featured_media":899,"parent":894,"menu_order":6,"comment_status":"closed","ping_status":"closed","template":"","meta":{"_acf_changed":false,"footnotes":""},"class_list":["post-993","page","type-page","status-publish","has-post-thumbnail","hentry"],"acf":[],"yoast_head":"<!-- This site is optimized with the Yoast SEO plugin v27.4 - https:\/\/yoast.com\/product\/yoast-seo-wordpress\/ -->\n<title>National \/ International - HR Services<\/title>\n<meta name=\"robots\" content=\"index, follow, max-snippet:-1, max-image-preview:large, max-video-preview:-1\" \/>\n<link rel=\"canonical\" href=\"https:\/\/www.hrserv.ch\/fr\/recruiting-factory\/national-international\/\" \/>\n<meta property=\"og:locale\" content=\"fr_FR\" \/>\n<meta property=\"og:type\" content=\"article\" \/>\n<meta property=\"og:title\" content=\"National \/ International - HR Services\" \/>\n<meta property=\"og:description\" content=\"Un ancrage local et un r\u00e9seau international&nbsp;&nbsp; Nous sommes actifs sur le march\u00e9 suisse depuis 25 ans et y sommes tr\u00e8s fortement ancr\u00e9s. De plus, nous faisons partie du r\u00e9seau IIC Partners et pouvons \u00e9galement acc\u00e9der pour vous \u00e0 des ressources internationales. Depuis plus de 25 ans, IIC Partners est leader dans le domaine de [&hellip;]\" \/>\n<meta property=\"og:url\" content=\"https:\/\/www.hrserv.ch\/fr\/recruiting-factory\/national-international\/\" \/>\n<meta property=\"og:site_name\" content=\"HR Services\" \/>\n<meta property=\"article:modified_time\" content=\"2025-01-23T10:05:08+00:00\" \/>\n<meta property=\"og:image\" content=\"https:\/\/www.hrserv.ch\/wp-content\/uploads\/sites\/3\/2019\/10\/challanges.jpg\" \/>\n\t<meta property=\"og:image:width\" content=\"1199\" \/>\n\t<meta property=\"og:image:height\" content=\"300\" \/>\n\t<meta property=\"og:image:type\" content=\"image\/jpeg\" \/>\n<meta name=\"twitter:card\" content=\"summary_large_image\" \/>\n<meta name=\"twitter:label1\" content=\"Dur\u00e9e de lecture estim\u00e9e\" \/>\n\t<meta name=\"twitter:data1\" content=\"1 minute\" \/>\n<script type=\"application\/ld+json\" class=\"yoast-schema-graph\">{\"@context\":\"https:\\\/\\\/schema.org\",\"@graph\":[{\"@type\":\"WebPage\",\"@id\":\"https:\\\/\\\/www.hrserv.ch\\\/fr\\\/recruiting-factory\\\/national-international\\\/\",\"url\":\"https:\\\/\\\/www.hrserv.ch\\\/fr\\\/recruiting-factory\\\/national-international\\\/\",\"name\":\"National \\\/ International - HR Services\",\"isPartOf\":{\"@id\":\"https:\\\/\\\/www.hrserv.ch\\\/fr\\\/#website\"},\"primaryImageOfPage\":{\"@id\":\"https:\\\/\\\/www.hrserv.ch\\\/fr\\\/recruiting-factory\\\/national-international\\\/#primaryimage\"},\"image\":{\"@id\":\"https:\\\/\\\/www.hrserv.ch\\\/fr\\\/recruiting-factory\\\/national-international\\\/#primaryimage\"},\"thumbnailUrl\":\"https:\\\/\\\/www.hrserv.ch\\\/wp-content\\\/uploads\\\/sites\\\/3\\\/2019\\\/10\\\/challanges.jpg\",\"datePublished\":\"2024-11-12T10:05:29+00:00\",\"dateModified\":\"2025-01-23T10:05:08+00:00\",\"breadcrumb\":{\"@id\":\"https:\\\/\\\/www.hrserv.ch\\\/fr\\\/recruiting-factory\\\/national-international\\\/#breadcrumb\"},\"inLanguage\":\"fr-FR\",\"potentialAction\":[{\"@type\":\"ReadAction\",\"target\":[\"https:\\\/\\\/www.hrserv.ch\\\/fr\\\/recruiting-factory\\\/national-international\\\/\"]}]},{\"@type\":\"ImageObject\",\"inLanguage\":\"fr-FR\",\"@id\":\"https:\\\/\\\/www.hrserv.ch\\\/fr\\\/recruiting-factory\\\/national-international\\\/#primaryimage\",\"url\":\"https:\\\/\\\/www.hrserv.ch\\\/wp-content\\\/uploads\\\/sites\\\/3\\\/2019\\\/10\\\/challanges.jpg\",\"contentUrl\":\"https:\\\/\\\/www.hrserv.ch\\\/wp-content\\\/uploads\\\/sites\\\/3\\\/2019\\\/10\\\/challanges.jpg\",\"width\":1199,\"height\":300},{\"@type\":\"BreadcrumbList\",\"@id\":\"https:\\\/\\\/www.hrserv.ch\\\/fr\\\/recruiting-factory\\\/national-international\\\/#breadcrumb\",\"itemListElement\":[{\"@type\":\"ListItem\",\"position\":1,\"name\":\"Home\",\"item\":\"https:\\\/\\\/www.hrserv.ch\\\/fr\\\/\"},{\"@type\":\"ListItem\",\"position\":2,\"name\":\"Le proc\u00e8s\"}]},{\"@type\":\"WebSite\",\"@id\":\"https:\\\/\\\/www.hrserv.ch\\\/fr\\\/#website\",\"url\":\"https:\\\/\\\/www.hrserv.ch\\\/fr\\\/\",\"name\":\"HR Services\",\"description\":\"Professional - Cost-optimised - Quick\",\"publisher\":{\"@id\":\"https:\\\/\\\/www.hrserv.ch\\\/fr\\\/#organization\"},\"potentialAction\":[{\"@type\":\"SearchAction\",\"target\":{\"@type\":\"EntryPoint\",\"urlTemplate\":\"https:\\\/\\\/www.hrserv.ch\\\/fr\\\/?s={search_term_string}\"},\"query-input\":{\"@type\":\"PropertyValueSpecification\",\"valueRequired\":true,\"valueName\":\"search_term_string\"}}],\"inLanguage\":\"fr-FR\"},{\"@type\":\"Organization\",\"@id\":\"https:\\\/\\\/www.hrserv.ch\\\/fr\\\/#organization\",\"name\":\"HR Services\",\"url\":\"https:\\\/\\\/www.hrserv.ch\\\/fr\\\/\",\"logo\":{\"@type\":\"ImageObject\",\"inLanguage\":\"fr-FR\",\"@id\":\"https:\\\/\\\/www.hrserv.ch\\\/fr\\\/#\\\/schema\\\/logo\\\/image\\\/\",\"url\":\"https:\\\/\\\/www.hrserv.ch\\\/wp-content\\\/uploads\\\/sites\\\/3\\\/2019\\\/10\\\/logo-hr-services-1.png\",\"contentUrl\":\"https:\\\/\\\/www.hrserv.ch\\\/wp-content\\\/uploads\\\/sites\\\/3\\\/2019\\\/10\\\/logo-hr-services-1.png\",\"width\":400,\"height\":132,\"caption\":\"HR Services\"},\"image\":{\"@id\":\"https:\\\/\\\/www.hrserv.ch\\\/fr\\\/#\\\/schema\\\/logo\\\/image\\\/\"}}]}<\/script>\n<!-- \/ Yoast SEO plugin. -->","yoast_head_json":{"title":"National \/ International - HR Services","robots":{"index":"index","follow":"follow","max-snippet":"max-snippet:-1","max-image-preview":"max-image-preview:large","max-video-preview":"max-video-preview:-1"},"canonical":"https:\/\/www.hrserv.ch\/fr\/recruiting-factory\/national-international\/","og_locale":"fr_FR","og_type":"article","og_title":"National \/ International - HR Services","og_description":"Un ancrage local et un r\u00e9seau international&nbsp;&nbsp; Nous sommes actifs sur le march\u00e9 suisse depuis 25 ans et y sommes tr\u00e8s fortement ancr\u00e9s. De plus, nous faisons partie du r\u00e9seau IIC Partners et pouvons \u00e9galement acc\u00e9der pour vous \u00e0 des ressources internationales. Depuis plus de 25 ans, IIC Partners est leader dans le domaine de [&hellip;]","og_url":"https:\/\/www.hrserv.ch\/fr\/recruiting-factory\/national-international\/","og_site_name":"HR Services","article_modified_time":"2025-01-23T10:05:08+00:00","og_image":[{"width":1199,"height":300,"url":"https:\/\/www.hrserv.ch\/wp-content\/uploads\/sites\/3\/2019\/10\/challanges.jpg","type":"image\/jpeg"}],"twitter_card":"summary_large_image","twitter_misc":{"Dur\u00e9e de lecture estim\u00e9e":"1 minute"},"schema":{"@context":"https:\/\/schema.org","@graph":[{"@type":"WebPage","@id":"https:\/\/www.hrserv.ch\/fr\/recruiting-factory\/national-international\/","url":"https:\/\/www.hrserv.ch\/fr\/recruiting-factory\/national-international\/","name":"National \/ International - HR Services","isPartOf":{"@id":"https:\/\/www.hrserv.ch\/fr\/#website"},"primaryImageOfPage":{"@id":"https:\/\/www.hrserv.ch\/fr\/recruiting-factory\/national-international\/#primaryimage"},"image":{"@id":"https:\/\/www.hrserv.ch\/fr\/recruiting-factory\/national-international\/#primaryimage"},"thumbnailUrl":"https:\/\/www.hrserv.ch\/wp-content\/uploads\/sites\/3\/2019\/10\/challanges.jpg","datePublished":"2024-11-12T10:05:29+00:00","dateModified":"2025-01-23T10:05:08+00:00","breadcrumb":{"@id":"https:\/\/www.hrserv.ch\/fr\/recruiting-factory\/national-international\/#breadcrumb"},"inLanguage":"fr-FR","potentialAction":[{"@type":"ReadAction","target":["https:\/\/www.hrserv.ch\/fr\/recruiting-factory\/national-international\/"]}]},{"@type":"ImageObject","inLanguage":"fr-FR","@id":"https:\/\/www.hrserv.ch\/fr\/recruiting-factory\/national-international\/#primaryimage","url":"https:\/\/www.hrserv.ch\/wp-content\/uploads\/sites\/3\/2019\/10\/challanges.jpg","contentUrl":"https:\/\/www.hrserv.ch\/wp-content\/uploads\/sites\/3\/2019\/10\/challanges.jpg","width":1199,"height":300},{"@type":"BreadcrumbList","@id":"https:\/\/www.hrserv.ch\/fr\/recruiting-factory\/national-international\/#breadcrumb","itemListElement":[{"@type":"ListItem","position":1,"name":"Home","item":"https:\/\/www.hrserv.ch\/fr\/"},{"@type":"ListItem","position":2,"name":"Le proc\u00e8s"}]},{"@type":"WebSite","@id":"https:\/\/www.hrserv.ch\/fr\/#website","url":"https:\/\/www.hrserv.ch\/fr\/","name":"HR Services","description":"Professional - Cost-optimised - Quick","publisher":{"@id":"https:\/\/www.hrserv.ch\/fr\/#organization"},"potentialAction":[{"@type":"SearchAction","target":{"@type":"EntryPoint","urlTemplate":"https:\/\/www.hrserv.ch\/fr\/?s={search_term_string}"},"query-input":{"@type":"PropertyValueSpecification","valueRequired":true,"valueName":"search_term_string"}}],"inLanguage":"fr-FR"},{"@type":"Organization","@id":"https:\/\/www.hrserv.ch\/fr\/#organization","name":"HR Services","url":"https:\/\/www.hrserv.ch\/fr\/","logo":{"@type":"ImageObject","inLanguage":"fr-FR","@id":"https:\/\/www.hrserv.ch\/fr\/#\/schema\/logo\/image\/","url":"https:\/\/www.hrserv.ch\/wp-content\/uploads\/sites\/3\/2019\/10\/logo-hr-services-1.png","contentUrl":"https:\/\/www.hrserv.ch\/wp-content\/uploads\/sites\/3\/2019\/10\/logo-hr-services-1.png","width":400,"height":132,"caption":"HR Services"},"image":{"@id":"https:\/\/www.hrserv.ch\/fr\/#\/schema\/logo\/image\/"}}]}},"_links":{"self":[{"href":"https:\/\/www.hrserv.ch\/fr\/wp-json\/wp\/v2\/pages\/993","targetHints":{"allow":["GET"]}}],"collection":[{"href":"https:\/\/www.hrserv.ch\/fr\/wp-json\/wp\/v2\/pages"}],"about":[{"href":"https:\/\/www.hrserv.ch\/fr\/wp-json\/wp\/v2\/types\/page"}],"author":[{"embeddable":true,"href":"https:\/\/www.hrserv.ch\/fr\/wp-json\/wp\/v2\/users\/1"}],"replies":[{"embeddable":true,"href":"https:\/\/www.hrserv.ch\/fr\/wp-json\/wp\/v2\/comments?post=993"}],"version-history":[{"count":4,"href":"https:\/\/www.hrserv.ch\/fr\/wp-json\/wp\/v2\/pages\/993\/revisions"}],"predecessor-version":[{"id":1184,"href":"https:\/\/www.hrserv.ch\/fr\/wp-json\/wp\/v2\/pages\/993\/revisions\/1184"}],"up":[{"embeddable":true,"href":"https:\/\/www.hrserv.ch\/fr\/wp-json\/wp\/v2\/pages\/894"}],"wp:featuredmedia":[{"embeddable":true,"href":"https:\/\/www.hrserv.ch\/fr\/wp-json\/wp\/v2\/media\/899"}],"wp:attachment":[{"href":"https:\/\/www.hrserv.ch\/fr\/wp-json\/wp\/v2\/media?parent=993"}],"curies":[{"name":"wp","href":"https:\/\/api.w.org\/{rel}","templated":true}]}}