{"id":994,"date":"2024-11-12T10:05:55","date_gmt":"2024-11-12T10:05:55","guid":{"rendered":"https:\/\/hrserv.ch\/?page_id=994"},"modified":"2025-01-23T10:08:58","modified_gmt":"2025-01-23T10:08:58","slug":"industries-functions","status":"publish","type":"page","link":"https:\/\/www.hrserv.ch\/fr\/recruiting-factory\/industries-functions\/","title":{"rendered":"Secteurs \/ fonctions\u00a0"},"content":{"rendered":"\n<h2 class=\"wp-block-heading\">Identification des personnes cibles&nbsp;&nbsp;<\/h2>\n\n\n\n<p>Notre savoir-faire couvre un large \u00e9ventail de secteurs. La Recruiting Factory intervient \u00e0 tous les niveaux hi\u00e9rarchiques. Les organigrammes et l&rsquo;identification des fonctions sont extr\u00eamement importants dans le recrutement des services RH. Nos sp\u00e9cialistes du recrutement connaissent parfaitement votre environnement de march\u00e9 et trouvent syst\u00e9matiquement les bons candidats dans le secteur correspondant.&nbsp;&nbsp;<\/p>\n\n\n\n<h2 class=\"wp-block-heading\">Nous sommes actifs dans les secteurs suivants :&nbsp;&nbsp;<\/h2>\n\n\n\n<div class=\"wp-block-columns has-2-columns is-layout-flex wp-container-core-columns-is-layout-9d6595d7 wp-block-columns-is-layout-flex\">\n<div class=\"wp-block-column is-layout-flow wp-block-column-is-layout-flow\">\n<ul class=\"wp-block-list\">\n<li>Administration \/ gestion&nbsp;&nbsp;<\/li>\n\n\n\n<li>Aviation&nbsp;&nbsp;<\/li>\n\n\n\n<li>Banques&nbsp;&nbsp;<\/li>\n\n\n\n<li>Consulting&nbsp;&nbsp;<\/li>\n\n\n\n<li>Industrie de l&rsquo;impression \/ m\u00e9dias&nbsp;&nbsp;<\/li>\n\n\n\n<li>Finances \/ controlling&nbsp;&nbsp;&nbsp;&nbsp;<\/li>\n\n\n\n<li>Commerce&nbsp;&nbsp;<\/li>\n\n\n\n<li>Ressources humaines&nbsp;&nbsp;<\/li>\n\n\n\n<li>Industrie \/ Commerce&nbsp;&nbsp;<\/li>\n\n\n\n<li>IT<\/li>\n\n\n\n<li>Industrie graphique&nbsp;&nbsp;<\/li>\n\n\n\n<li>Vernis \/ Coatings&nbsp;&nbsp;<\/li>\n\n\n\n<li>Marketing \/ RP&nbsp;&nbsp;<\/li>\n\n\n\n<li>Construction m\u00e9canique&nbsp;&nbsp;<\/li>\n<\/ul>\n<\/div>\n\n\n\n<div class=\"wp-block-column is-layout-flow wp-block-column-is-layout-flow\">\n<ul class=\"wp-block-list\">\n<li>Math\u00e9matiques&nbsp;&nbsp;<\/li>\n\n\n\n<li>Technique m\u00e9dicale&nbsp;&nbsp;<\/li>\n\n\n\n<li>M\u00e9decine \/ Sant\u00e9 \/ Social&nbsp;&nbsp;<\/li>\n\n\n\n<li>\u00c0 but non lucratif&nbsp;&nbsp;<\/li>\n\n\n\n<li>Administrations publiques&nbsp;&nbsp;<\/li>\n\n\n\n<li>Pharma&nbsp;&nbsp;<\/li>\n\n\n\n<li>Droit&nbsp;&nbsp;<\/li>\n\n\n\n<li>Technique \/ Ing\u00e9nierie&nbsp;&nbsp;<\/li>\n\n\n\n<li>T\u00e9l\u00e9communications&nbsp;&nbsp;<\/li>\n\n\n\n<li>Assurance&nbsp;&nbsp;<\/li>\n\n\n\n<li>Vente \/ KAM&nbsp;&nbsp;<\/li>\n\n\n\n<li>Gestion des installations&nbsp;&nbsp;<\/li>\n\n\n\n<li>Emplois scientifiques&nbsp;&nbsp;<\/li>\n\n\n\n<li>Assurances&nbsp;<\/li>\n<\/ul>\n<\/div>\n<\/div>\n\n\n\n<h2 class=\"wp-block-heading\">Nos experts en recrutement sont exp\u00e9riment\u00e9s \u00e0 tous les niveaux hi\u00e9rarchiques :<\/h2>\n\n\n\n<div class=\"wp-block-columns has-2-columns is-layout-flex wp-container-core-columns-is-layout-9d6595d7 wp-block-columns-is-layout-flex\">\n<div class=\"wp-block-column is-layout-flow wp-block-column-is-layout-flow\">\n<ul class=\"wp-block-list\">\n<li>Employ\u00e9es \/ sp\u00e9cialistes<\/li>\n\n\n\n<li>Chef d&rsquo;\u00e9quipe<\/li>\n\n\n\n<li>Responsable de d\u00e9partement<\/li>\n<\/ul>\n<\/div>\n\n\n\n<div class=\"wp-block-column is-layout-flow wp-block-column-is-layout-flow\">\n<ul class=\"wp-block-list\">\n<li>Responsable de secteur<\/li>\n\n\n\n<li>Directeur r\u00e9gional<\/li>\n<\/ul>\n<\/div>\n<\/div>\n\n\n\n<p><\/p>\n","protected":false},"excerpt":{"rendered":"<p>Identification des personnes cibles&nbsp;&nbsp; Notre savoir-faire couvre un large \u00e9ventail de secteurs. La Recruiting Factory intervient \u00e0 tous les niveaux hi\u00e9rarchiques. Les organigrammes et l&rsquo;identification des fonctions sont extr\u00eamement importants dans le recrutement des services RH. Nos sp\u00e9cialistes du recrutement connaissent parfaitement votre environnement de march\u00e9 et trouvent syst\u00e9matiquement les bons candidats dans le secteur [&hellip;]<\/p>\n","protected":false},"author":1,"featured_media":899,"parent":894,"menu_order":5,"comment_status":"closed","ping_status":"closed","template":"","meta":{"_acf_changed":false,"footnotes":""},"class_list":["post-994","page","type-page","status-publish","has-post-thumbnail","hentry"],"acf":[],"yoast_head":"<!-- This site is optimized with the Yoast SEO plugin v27.5 - https:\/\/yoast.com\/product\/yoast-seo-wordpress\/ -->\n<title>Secteurs \/ fonctions\u00a0 - HR Services<\/title>\n<meta name=\"robots\" content=\"index, follow, max-snippet:-1, max-image-preview:large, max-video-preview:-1\" \/>\n<link rel=\"canonical\" href=\"https:\/\/www.hrserv.ch\/fr\/recruiting-factory\/industries-functions\/\" \/>\n<meta property=\"og:locale\" content=\"fr_FR\" \/>\n<meta property=\"og:type\" content=\"article\" \/>\n<meta property=\"og:title\" content=\"Secteurs \/ fonctions\u00a0 - HR Services\" \/>\n<meta property=\"og:description\" content=\"Identification des personnes cibles&nbsp;&nbsp; Notre savoir-faire couvre un large \u00e9ventail de secteurs. La Recruiting Factory intervient \u00e0 tous les niveaux hi\u00e9rarchiques. Les organigrammes et l&rsquo;identification des fonctions sont extr\u00eamement importants dans le recrutement des services RH. Nos sp\u00e9cialistes du recrutement connaissent parfaitement votre environnement de march\u00e9 et trouvent syst\u00e9matiquement les bons candidats dans le secteur [&hellip;]\" \/>\n<meta property=\"og:url\" content=\"https:\/\/www.hrserv.ch\/fr\/recruiting-factory\/industries-functions\/\" \/>\n<meta property=\"og:site_name\" content=\"HR Services\" \/>\n<meta property=\"article:modified_time\" content=\"2025-01-23T10:08:58+00:00\" \/>\n<meta property=\"og:image\" content=\"https:\/\/www.hrserv.ch\/wp-content\/uploads\/sites\/3\/2019\/10\/challanges.jpg\" \/>\n\t<meta property=\"og:image:width\" content=\"1199\" \/>\n\t<meta property=\"og:image:height\" content=\"300\" \/>\n\t<meta property=\"og:image:type\" content=\"image\/jpeg\" \/>\n<meta name=\"twitter:card\" content=\"summary_large_image\" \/>\n<meta name=\"twitter:label1\" content=\"Dur\u00e9e de lecture estim\u00e9e\" \/>\n\t<meta name=\"twitter:data1\" content=\"2 minutes\" \/>\n<script type=\"application\/ld+json\" class=\"yoast-schema-graph\">{\"@context\":\"https:\\\/\\\/schema.org\",\"@graph\":[{\"@type\":\"WebPage\",\"@id\":\"https:\\\/\\\/www.hrserv.ch\\\/fr\\\/recruiting-factory\\\/industries-functions\\\/\",\"url\":\"https:\\\/\\\/www.hrserv.ch\\\/fr\\\/recruiting-factory\\\/industries-functions\\\/\",\"name\":\"Secteurs \\\/ fonctions\u00a0 - HR Services\",\"isPartOf\":{\"@id\":\"https:\\\/\\\/www.hrserv.ch\\\/fr\\\/#website\"},\"primaryImageOfPage\":{\"@id\":\"https:\\\/\\\/www.hrserv.ch\\\/fr\\\/recruiting-factory\\\/industries-functions\\\/#primaryimage\"},\"image\":{\"@id\":\"https:\\\/\\\/www.hrserv.ch\\\/fr\\\/recruiting-factory\\\/industries-functions\\\/#primaryimage\"},\"thumbnailUrl\":\"https:\\\/\\\/www.hrserv.ch\\\/wp-content\\\/uploads\\\/sites\\\/3\\\/2019\\\/10\\\/challanges.jpg\",\"datePublished\":\"2024-11-12T10:05:55+00:00\",\"dateModified\":\"2025-01-23T10:08:58+00:00\",\"breadcrumb\":{\"@id\":\"https:\\\/\\\/www.hrserv.ch\\\/fr\\\/recruiting-factory\\\/industries-functions\\\/#breadcrumb\"},\"inLanguage\":\"fr-FR\",\"potentialAction\":[{\"@type\":\"ReadAction\",\"target\":[\"https:\\\/\\\/www.hrserv.ch\\\/fr\\\/recruiting-factory\\\/industries-functions\\\/\"]}]},{\"@type\":\"ImageObject\",\"inLanguage\":\"fr-FR\",\"@id\":\"https:\\\/\\\/www.hrserv.ch\\\/fr\\\/recruiting-factory\\\/industries-functions\\\/#primaryimage\",\"url\":\"https:\\\/\\\/www.hrserv.ch\\\/wp-content\\\/uploads\\\/sites\\\/3\\\/2019\\\/10\\\/challanges.jpg\",\"contentUrl\":\"https:\\\/\\\/www.hrserv.ch\\\/wp-content\\\/uploads\\\/sites\\\/3\\\/2019\\\/10\\\/challanges.jpg\",\"width\":1199,\"height\":300},{\"@type\":\"BreadcrumbList\",\"@id\":\"https:\\\/\\\/www.hrserv.ch\\\/fr\\\/recruiting-factory\\\/industries-functions\\\/#breadcrumb\",\"itemListElement\":[{\"@type\":\"ListItem\",\"position\":1,\"name\":\"Home\",\"item\":\"https:\\\/\\\/www.hrserv.ch\\\/fr\\\/\"},{\"@type\":\"ListItem\",\"position\":2,\"name\":\"Le proc\u00e8s\"}]},{\"@type\":\"WebSite\",\"@id\":\"https:\\\/\\\/www.hrserv.ch\\\/fr\\\/#website\",\"url\":\"https:\\\/\\\/www.hrserv.ch\\\/fr\\\/\",\"name\":\"HR Services\",\"description\":\"Professional - Cost-optimised - Quick\",\"publisher\":{\"@id\":\"https:\\\/\\\/www.hrserv.ch\\\/fr\\\/#organization\"},\"potentialAction\":[{\"@type\":\"SearchAction\",\"target\":{\"@type\":\"EntryPoint\",\"urlTemplate\":\"https:\\\/\\\/www.hrserv.ch\\\/fr\\\/?s={search_term_string}\"},\"query-input\":{\"@type\":\"PropertyValueSpecification\",\"valueRequired\":true,\"valueName\":\"search_term_string\"}}],\"inLanguage\":\"fr-FR\"},{\"@type\":\"Organization\",\"@id\":\"https:\\\/\\\/www.hrserv.ch\\\/fr\\\/#organization\",\"name\":\"HR Services\",\"url\":\"https:\\\/\\\/www.hrserv.ch\\\/fr\\\/\",\"logo\":{\"@type\":\"ImageObject\",\"inLanguage\":\"fr-FR\",\"@id\":\"https:\\\/\\\/www.hrserv.ch\\\/fr\\\/#\\\/schema\\\/logo\\\/image\\\/\",\"url\":\"https:\\\/\\\/www.hrserv.ch\\\/wp-content\\\/uploads\\\/sites\\\/3\\\/2019\\\/10\\\/logo-hr-services-1.png\",\"contentUrl\":\"https:\\\/\\\/www.hrserv.ch\\\/wp-content\\\/uploads\\\/sites\\\/3\\\/2019\\\/10\\\/logo-hr-services-1.png\",\"width\":400,\"height\":132,\"caption\":\"HR Services\"},\"image\":{\"@id\":\"https:\\\/\\\/www.hrserv.ch\\\/fr\\\/#\\\/schema\\\/logo\\\/image\\\/\"}}]}<\/script>\n<!-- \/ Yoast SEO plugin. -->","yoast_head_json":{"title":"Secteurs \/ fonctions\u00a0 - HR Services","robots":{"index":"index","follow":"follow","max-snippet":"max-snippet:-1","max-image-preview":"max-image-preview:large","max-video-preview":"max-video-preview:-1"},"canonical":"https:\/\/www.hrserv.ch\/fr\/recruiting-factory\/industries-functions\/","og_locale":"fr_FR","og_type":"article","og_title":"Secteurs \/ fonctions\u00a0 - HR Services","og_description":"Identification des personnes cibles&nbsp;&nbsp; Notre savoir-faire couvre un large \u00e9ventail de secteurs. La Recruiting Factory intervient \u00e0 tous les niveaux hi\u00e9rarchiques. Les organigrammes et l&rsquo;identification des fonctions sont extr\u00eamement importants dans le recrutement des services RH. Nos sp\u00e9cialistes du recrutement connaissent parfaitement votre environnement de march\u00e9 et trouvent syst\u00e9matiquement les bons candidats dans le secteur [&hellip;]","og_url":"https:\/\/www.hrserv.ch\/fr\/recruiting-factory\/industries-functions\/","og_site_name":"HR Services","article_modified_time":"2025-01-23T10:08:58+00:00","og_image":[{"width":1199,"height":300,"url":"https:\/\/www.hrserv.ch\/wp-content\/uploads\/sites\/3\/2019\/10\/challanges.jpg","type":"image\/jpeg"}],"twitter_card":"summary_large_image","twitter_misc":{"Dur\u00e9e de lecture estim\u00e9e":"2 minutes"},"schema":{"@context":"https:\/\/schema.org","@graph":[{"@type":"WebPage","@id":"https:\/\/www.hrserv.ch\/fr\/recruiting-factory\/industries-functions\/","url":"https:\/\/www.hrserv.ch\/fr\/recruiting-factory\/industries-functions\/","name":"Secteurs \/ fonctions\u00a0 - HR Services","isPartOf":{"@id":"https:\/\/www.hrserv.ch\/fr\/#website"},"primaryImageOfPage":{"@id":"https:\/\/www.hrserv.ch\/fr\/recruiting-factory\/industries-functions\/#primaryimage"},"image":{"@id":"https:\/\/www.hrserv.ch\/fr\/recruiting-factory\/industries-functions\/#primaryimage"},"thumbnailUrl":"https:\/\/www.hrserv.ch\/wp-content\/uploads\/sites\/3\/2019\/10\/challanges.jpg","datePublished":"2024-11-12T10:05:55+00:00","dateModified":"2025-01-23T10:08:58+00:00","breadcrumb":{"@id":"https:\/\/www.hrserv.ch\/fr\/recruiting-factory\/industries-functions\/#breadcrumb"},"inLanguage":"fr-FR","potentialAction":[{"@type":"ReadAction","target":["https:\/\/www.hrserv.ch\/fr\/recruiting-factory\/industries-functions\/"]}]},{"@type":"ImageObject","inLanguage":"fr-FR","@id":"https:\/\/www.hrserv.ch\/fr\/recruiting-factory\/industries-functions\/#primaryimage","url":"https:\/\/www.hrserv.ch\/wp-content\/uploads\/sites\/3\/2019\/10\/challanges.jpg","contentUrl":"https:\/\/www.hrserv.ch\/wp-content\/uploads\/sites\/3\/2019\/10\/challanges.jpg","width":1199,"height":300},{"@type":"BreadcrumbList","@id":"https:\/\/www.hrserv.ch\/fr\/recruiting-factory\/industries-functions\/#breadcrumb","itemListElement":[{"@type":"ListItem","position":1,"name":"Home","item":"https:\/\/www.hrserv.ch\/fr\/"},{"@type":"ListItem","position":2,"name":"Le proc\u00e8s"}]},{"@type":"WebSite","@id":"https:\/\/www.hrserv.ch\/fr\/#website","url":"https:\/\/www.hrserv.ch\/fr\/","name":"HR Services","description":"Professional - Cost-optimised - Quick","publisher":{"@id":"https:\/\/www.hrserv.ch\/fr\/#organization"},"potentialAction":[{"@type":"SearchAction","target":{"@type":"EntryPoint","urlTemplate":"https:\/\/www.hrserv.ch\/fr\/?s={search_term_string}"},"query-input":{"@type":"PropertyValueSpecification","valueRequired":true,"valueName":"search_term_string"}}],"inLanguage":"fr-FR"},{"@type":"Organization","@id":"https:\/\/www.hrserv.ch\/fr\/#organization","name":"HR Services","url":"https:\/\/www.hrserv.ch\/fr\/","logo":{"@type":"ImageObject","inLanguage":"fr-FR","@id":"https:\/\/www.hrserv.ch\/fr\/#\/schema\/logo\/image\/","url":"https:\/\/www.hrserv.ch\/wp-content\/uploads\/sites\/3\/2019\/10\/logo-hr-services-1.png","contentUrl":"https:\/\/www.hrserv.ch\/wp-content\/uploads\/sites\/3\/2019\/10\/logo-hr-services-1.png","width":400,"height":132,"caption":"HR Services"},"image":{"@id":"https:\/\/www.hrserv.ch\/fr\/#\/schema\/logo\/image\/"}}]}},"_links":{"self":[{"href":"https:\/\/www.hrserv.ch\/fr\/wp-json\/wp\/v2\/pages\/994","targetHints":{"allow":["GET"]}}],"collection":[{"href":"https:\/\/www.hrserv.ch\/fr\/wp-json\/wp\/v2\/pages"}],"about":[{"href":"https:\/\/www.hrserv.ch\/fr\/wp-json\/wp\/v2\/types\/page"}],"author":[{"embeddable":true,"href":"https:\/\/www.hrserv.ch\/fr\/wp-json\/wp\/v2\/users\/1"}],"replies":[{"embeddable":true,"href":"https:\/\/www.hrserv.ch\/fr\/wp-json\/wp\/v2\/comments?post=994"}],"version-history":[{"count":3,"href":"https:\/\/www.hrserv.ch\/fr\/wp-json\/wp\/v2\/pages\/994\/revisions"}],"predecessor-version":[{"id":1186,"href":"https:\/\/www.hrserv.ch\/fr\/wp-json\/wp\/v2\/pages\/994\/revisions\/1186"}],"up":[{"embeddable":true,"href":"https:\/\/www.hrserv.ch\/fr\/wp-json\/wp\/v2\/pages\/894"}],"wp:featuredmedia":[{"embeddable":true,"href":"https:\/\/www.hrserv.ch\/fr\/wp-json\/wp\/v2\/media\/899"}],"wp:attachment":[{"href":"https:\/\/www.hrserv.ch\/fr\/wp-json\/wp\/v2\/media?parent=994"}],"curies":[{"name":"wp","href":"https:\/\/api.w.org\/{rel}","templated":true}]}}