{"id":996,"date":"2024-11-12T10:06:30","date_gmt":"2024-11-12T10:06:30","guid":{"rendered":"https:\/\/hrserv.ch\/?page_id=996"},"modified":"2025-01-23T10:11:39","modified_gmt":"2025-01-23T10:11:39","slug":"process","status":"publish","type":"page","link":"https:\/\/www.hrserv.ch\/fr\/recruiting-factory\/process\/","title":{"rendered":"Le processus"},"content":{"rendered":"\n<h2 class=\"wp-block-heading\"><\/h2>\n\n\n\n<p>Le processus de recrutement permet un soutien adapt\u00e9 aux besoins. Vous pouvez choisir entre des modules individuels du processus ou des solutions de recrutement int\u00e9gr\u00e9es. Que vous ayez besoin d&rsquo;un soutien pour l&rsquo;ensemble du processus ou seulement pour le processus de recherche par exemple, nous nous adaptons \u00e0 vos pr\u00e9f\u00e9rences et \u00e0 vos besoins.&nbsp;&nbsp;<\/p>\n\n\n\n<div class=\"d-flex process-chart process-chart-vendis\">\n    <div class=\"\"><span>\n            <h4>Analyse<\/h4>\n            <ul>\n                <li>Briefing client<\/li>\n                <li>Analyse d\u00e9taill\u00e9e des exigences<\/li>\n                <li>Cr\u00e9ation d&rsquo;un profil de r\u00e9ussite<\/li>\n                <li>D\u00e9finition de la strat\u00e9gie de recherche en utilisant la Search Map <\/li>\n            <\/ul>\n        <\/span>\n    <\/div>\n    <div class=\"\"><span>\n            <h4>Search<\/h4>\n           Recherche multicanal optimis\u00e9e en termes de co\u00fbts :\n            <ul>\n                <li>M\u00e9dias sociaux<\/li>\n                <li>Recherche directe<\/li>\n                <li>Plateformes en ligne<\/li>\n                <li>M\u00e9dias imprim\u00e9s<\/li>\n                <li>R\u00e9seau  <\/li>\n            <\/ul>\n        <\/span>\n    <\/div>\n    <div class=\"\"><span>\n            <h4>S\u00e9lection<\/h4>\n            <ul>\n                <li>Pr\u00e9s\u00e9lection<\/li>\n                <li>Longlist \/ Shortlist<\/li>\n                <li>Entretiens structur\u00e9s <\/li>\n                <li>Profils de personnalit\u00e9<\/li>\n                <li>Envoi du dossier de candidature avec recommandation<\/li>\n            <\/ul>\n        <\/span>\n    <\/div>\n    <div class=\"\"><span>\n            <h4>D\u00e9cision<\/h4>\n            <ul>\n                <li>Mod\u00e9ration des entretiens avec la ligne et les RH<\/li>\n                <li>V\u00e9rification des r\u00e9f\u00e9rences<\/li>\n                <li>D\u00e9cision d&#8217;embauche <\/li>\n                <li>\u00c9laboration du contrat<\/li>\n                <li>Accompagnement du processus d&rsquo;onboarding <\/li>\n            <\/ul>\n        <\/span>\n    <\/div>\n<\/div>\n","protected":false},"excerpt":{"rendered":"<p>Le processus de recrutement permet un soutien adapt\u00e9 aux besoins. Vous pouvez choisir entre des modules individuels du processus ou des solutions de recrutement int\u00e9gr\u00e9es. Que vous ayez besoin d&rsquo;un soutien pour l&rsquo;ensemble du processus ou seulement pour le processus de recherche par exemple, nous nous adaptons \u00e0 vos pr\u00e9f\u00e9rences et \u00e0 vos besoins.&nbsp;&nbsp; Analyse [&hellip;]<\/p>\n","protected":false},"author":1,"featured_media":899,"parent":894,"menu_order":3,"comment_status":"closed","ping_status":"closed","template":"","meta":{"_acf_changed":false,"footnotes":""},"class_list":["post-996","page","type-page","status-publish","has-post-thumbnail","hentry"],"acf":[],"yoast_head":"<!-- This site is optimized with the Yoast SEO plugin v27.4 - https:\/\/yoast.com\/product\/yoast-seo-wordpress\/ -->\n<title>Le processus - HR Services<\/title>\n<meta name=\"robots\" content=\"index, follow, max-snippet:-1, max-image-preview:large, max-video-preview:-1\" \/>\n<link rel=\"canonical\" href=\"https:\/\/www.hrserv.ch\/fr\/recruiting-factory\/process\/\" \/>\n<meta property=\"og:locale\" content=\"fr_FR\" \/>\n<meta property=\"og:type\" content=\"article\" \/>\n<meta property=\"og:title\" content=\"Le processus - HR Services\" \/>\n<meta property=\"og:description\" content=\"Le processus de recrutement permet un soutien adapt\u00e9 aux besoins. Vous pouvez choisir entre des modules individuels du processus ou des solutions de recrutement int\u00e9gr\u00e9es. Que vous ayez besoin d&rsquo;un soutien pour l&rsquo;ensemble du processus ou seulement pour le processus de recherche par exemple, nous nous adaptons \u00e0 vos pr\u00e9f\u00e9rences et \u00e0 vos besoins.&nbsp;&nbsp; Analyse [&hellip;]\" \/>\n<meta property=\"og:url\" content=\"https:\/\/www.hrserv.ch\/fr\/recruiting-factory\/process\/\" \/>\n<meta property=\"og:site_name\" content=\"HR Services\" \/>\n<meta property=\"article:modified_time\" content=\"2025-01-23T10:11:39+00:00\" \/>\n<meta property=\"og:image\" content=\"https:\/\/www.hrserv.ch\/wp-content\/uploads\/sites\/3\/2019\/10\/challanges.jpg\" \/>\n\t<meta property=\"og:image:width\" content=\"1199\" \/>\n\t<meta property=\"og:image:height\" content=\"300\" \/>\n\t<meta property=\"og:image:type\" content=\"image\/jpeg\" \/>\n<meta name=\"twitter:card\" content=\"summary_large_image\" \/>\n<meta name=\"twitter:label1\" content=\"Dur\u00e9e de lecture estim\u00e9e\" \/>\n\t<meta name=\"twitter:data1\" content=\"1 minute\" \/>\n<script type=\"application\/ld+json\" class=\"yoast-schema-graph\">{\"@context\":\"https:\\\/\\\/schema.org\",\"@graph\":[{\"@type\":\"WebPage\",\"@id\":\"https:\\\/\\\/www.hrserv.ch\\\/fr\\\/recruiting-factory\\\/process\\\/\",\"url\":\"https:\\\/\\\/www.hrserv.ch\\\/fr\\\/recruiting-factory\\\/process\\\/\",\"name\":\"Le processus - HR Services\",\"isPartOf\":{\"@id\":\"https:\\\/\\\/www.hrserv.ch\\\/fr\\\/#website\"},\"primaryImageOfPage\":{\"@id\":\"https:\\\/\\\/www.hrserv.ch\\\/fr\\\/recruiting-factory\\\/process\\\/#primaryimage\"},\"image\":{\"@id\":\"https:\\\/\\\/www.hrserv.ch\\\/fr\\\/recruiting-factory\\\/process\\\/#primaryimage\"},\"thumbnailUrl\":\"https:\\\/\\\/www.hrserv.ch\\\/wp-content\\\/uploads\\\/sites\\\/3\\\/2019\\\/10\\\/challanges.jpg\",\"datePublished\":\"2024-11-12T10:06:30+00:00\",\"dateModified\":\"2025-01-23T10:11:39+00:00\",\"breadcrumb\":{\"@id\":\"https:\\\/\\\/www.hrserv.ch\\\/fr\\\/recruiting-factory\\\/process\\\/#breadcrumb\"},\"inLanguage\":\"fr-FR\",\"potentialAction\":[{\"@type\":\"ReadAction\",\"target\":[\"https:\\\/\\\/www.hrserv.ch\\\/fr\\\/recruiting-factory\\\/process\\\/\"]}]},{\"@type\":\"ImageObject\",\"inLanguage\":\"fr-FR\",\"@id\":\"https:\\\/\\\/www.hrserv.ch\\\/fr\\\/recruiting-factory\\\/process\\\/#primaryimage\",\"url\":\"https:\\\/\\\/www.hrserv.ch\\\/wp-content\\\/uploads\\\/sites\\\/3\\\/2019\\\/10\\\/challanges.jpg\",\"contentUrl\":\"https:\\\/\\\/www.hrserv.ch\\\/wp-content\\\/uploads\\\/sites\\\/3\\\/2019\\\/10\\\/challanges.jpg\",\"width\":1199,\"height\":300},{\"@type\":\"BreadcrumbList\",\"@id\":\"https:\\\/\\\/www.hrserv.ch\\\/fr\\\/recruiting-factory\\\/process\\\/#breadcrumb\",\"itemListElement\":[{\"@type\":\"ListItem\",\"position\":1,\"name\":\"Home\",\"item\":\"https:\\\/\\\/www.hrserv.ch\\\/fr\\\/\"},{\"@type\":\"ListItem\",\"position\":2,\"name\":\"Le proc\u00e8s\"}]},{\"@type\":\"WebSite\",\"@id\":\"https:\\\/\\\/www.hrserv.ch\\\/fr\\\/#website\",\"url\":\"https:\\\/\\\/www.hrserv.ch\\\/fr\\\/\",\"name\":\"HR Services\",\"description\":\"Professional - Cost-optimised - Quick\",\"publisher\":{\"@id\":\"https:\\\/\\\/www.hrserv.ch\\\/fr\\\/#organization\"},\"potentialAction\":[{\"@type\":\"SearchAction\",\"target\":{\"@type\":\"EntryPoint\",\"urlTemplate\":\"https:\\\/\\\/www.hrserv.ch\\\/fr\\\/?s={search_term_string}\"},\"query-input\":{\"@type\":\"PropertyValueSpecification\",\"valueRequired\":true,\"valueName\":\"search_term_string\"}}],\"inLanguage\":\"fr-FR\"},{\"@type\":\"Organization\",\"@id\":\"https:\\\/\\\/www.hrserv.ch\\\/fr\\\/#organization\",\"name\":\"HR Services\",\"url\":\"https:\\\/\\\/www.hrserv.ch\\\/fr\\\/\",\"logo\":{\"@type\":\"ImageObject\",\"inLanguage\":\"fr-FR\",\"@id\":\"https:\\\/\\\/www.hrserv.ch\\\/fr\\\/#\\\/schema\\\/logo\\\/image\\\/\",\"url\":\"https:\\\/\\\/www.hrserv.ch\\\/wp-content\\\/uploads\\\/sites\\\/3\\\/2019\\\/10\\\/logo-hr-services-1.png\",\"contentUrl\":\"https:\\\/\\\/www.hrserv.ch\\\/wp-content\\\/uploads\\\/sites\\\/3\\\/2019\\\/10\\\/logo-hr-services-1.png\",\"width\":400,\"height\":132,\"caption\":\"HR Services\"},\"image\":{\"@id\":\"https:\\\/\\\/www.hrserv.ch\\\/fr\\\/#\\\/schema\\\/logo\\\/image\\\/\"}}]}<\/script>\n<!-- \/ Yoast SEO plugin. -->","yoast_head_json":{"title":"Le processus - HR Services","robots":{"index":"index","follow":"follow","max-snippet":"max-snippet:-1","max-image-preview":"max-image-preview:large","max-video-preview":"max-video-preview:-1"},"canonical":"https:\/\/www.hrserv.ch\/fr\/recruiting-factory\/process\/","og_locale":"fr_FR","og_type":"article","og_title":"Le processus - HR Services","og_description":"Le processus de recrutement permet un soutien adapt\u00e9 aux besoins. Vous pouvez choisir entre des modules individuels du processus ou des solutions de recrutement int\u00e9gr\u00e9es. Que vous ayez besoin d&rsquo;un soutien pour l&rsquo;ensemble du processus ou seulement pour le processus de recherche par exemple, nous nous adaptons \u00e0 vos pr\u00e9f\u00e9rences et \u00e0 vos besoins.&nbsp;&nbsp; Analyse [&hellip;]","og_url":"https:\/\/www.hrserv.ch\/fr\/recruiting-factory\/process\/","og_site_name":"HR Services","article_modified_time":"2025-01-23T10:11:39+00:00","og_image":[{"width":1199,"height":300,"url":"https:\/\/www.hrserv.ch\/wp-content\/uploads\/sites\/3\/2019\/10\/challanges.jpg","type":"image\/jpeg"}],"twitter_card":"summary_large_image","twitter_misc":{"Dur\u00e9e de lecture estim\u00e9e":"1 minute"},"schema":{"@context":"https:\/\/schema.org","@graph":[{"@type":"WebPage","@id":"https:\/\/www.hrserv.ch\/fr\/recruiting-factory\/process\/","url":"https:\/\/www.hrserv.ch\/fr\/recruiting-factory\/process\/","name":"Le processus - HR Services","isPartOf":{"@id":"https:\/\/www.hrserv.ch\/fr\/#website"},"primaryImageOfPage":{"@id":"https:\/\/www.hrserv.ch\/fr\/recruiting-factory\/process\/#primaryimage"},"image":{"@id":"https:\/\/www.hrserv.ch\/fr\/recruiting-factory\/process\/#primaryimage"},"thumbnailUrl":"https:\/\/www.hrserv.ch\/wp-content\/uploads\/sites\/3\/2019\/10\/challanges.jpg","datePublished":"2024-11-12T10:06:30+00:00","dateModified":"2025-01-23T10:11:39+00:00","breadcrumb":{"@id":"https:\/\/www.hrserv.ch\/fr\/recruiting-factory\/process\/#breadcrumb"},"inLanguage":"fr-FR","potentialAction":[{"@type":"ReadAction","target":["https:\/\/www.hrserv.ch\/fr\/recruiting-factory\/process\/"]}]},{"@type":"ImageObject","inLanguage":"fr-FR","@id":"https:\/\/www.hrserv.ch\/fr\/recruiting-factory\/process\/#primaryimage","url":"https:\/\/www.hrserv.ch\/wp-content\/uploads\/sites\/3\/2019\/10\/challanges.jpg","contentUrl":"https:\/\/www.hrserv.ch\/wp-content\/uploads\/sites\/3\/2019\/10\/challanges.jpg","width":1199,"height":300},{"@type":"BreadcrumbList","@id":"https:\/\/www.hrserv.ch\/fr\/recruiting-factory\/process\/#breadcrumb","itemListElement":[{"@type":"ListItem","position":1,"name":"Home","item":"https:\/\/www.hrserv.ch\/fr\/"},{"@type":"ListItem","position":2,"name":"Le proc\u00e8s"}]},{"@type":"WebSite","@id":"https:\/\/www.hrserv.ch\/fr\/#website","url":"https:\/\/www.hrserv.ch\/fr\/","name":"HR Services","description":"Professional - Cost-optimised - Quick","publisher":{"@id":"https:\/\/www.hrserv.ch\/fr\/#organization"},"potentialAction":[{"@type":"SearchAction","target":{"@type":"EntryPoint","urlTemplate":"https:\/\/www.hrserv.ch\/fr\/?s={search_term_string}"},"query-input":{"@type":"PropertyValueSpecification","valueRequired":true,"valueName":"search_term_string"}}],"inLanguage":"fr-FR"},{"@type":"Organization","@id":"https:\/\/www.hrserv.ch\/fr\/#organization","name":"HR Services","url":"https:\/\/www.hrserv.ch\/fr\/","logo":{"@type":"ImageObject","inLanguage":"fr-FR","@id":"https:\/\/www.hrserv.ch\/fr\/#\/schema\/logo\/image\/","url":"https:\/\/www.hrserv.ch\/wp-content\/uploads\/sites\/3\/2019\/10\/logo-hr-services-1.png","contentUrl":"https:\/\/www.hrserv.ch\/wp-content\/uploads\/sites\/3\/2019\/10\/logo-hr-services-1.png","width":400,"height":132,"caption":"HR Services"},"image":{"@id":"https:\/\/www.hrserv.ch\/fr\/#\/schema\/logo\/image\/"}}]}},"_links":{"self":[{"href":"https:\/\/www.hrserv.ch\/fr\/wp-json\/wp\/v2\/pages\/996","targetHints":{"allow":["GET"]}}],"collection":[{"href":"https:\/\/www.hrserv.ch\/fr\/wp-json\/wp\/v2\/pages"}],"about":[{"href":"https:\/\/www.hrserv.ch\/fr\/wp-json\/wp\/v2\/types\/page"}],"author":[{"embeddable":true,"href":"https:\/\/www.hrserv.ch\/fr\/wp-json\/wp\/v2\/users\/1"}],"replies":[{"embeddable":true,"href":"https:\/\/www.hrserv.ch\/fr\/wp-json\/wp\/v2\/comments?post=996"}],"version-history":[{"count":4,"href":"https:\/\/www.hrserv.ch\/fr\/wp-json\/wp\/v2\/pages\/996\/revisions"}],"predecessor-version":[{"id":1188,"href":"https:\/\/www.hrserv.ch\/fr\/wp-json\/wp\/v2\/pages\/996\/revisions\/1188"}],"up":[{"embeddable":true,"href":"https:\/\/www.hrserv.ch\/fr\/wp-json\/wp\/v2\/pages\/894"}],"wp:featuredmedia":[{"embeddable":true,"href":"https:\/\/www.hrserv.ch\/fr\/wp-json\/wp\/v2\/media\/899"}],"wp:attachment":[{"href":"https:\/\/www.hrserv.ch\/fr\/wp-json\/wp\/v2\/media?parent=996"}],"curies":[{"name":"wp","href":"https:\/\/api.w.org\/{rel}","templated":true}]}}